{"id":964,"date":"2013-03-10T08:05:51","date_gmt":"2013-03-10T08:05:51","guid":{"rendered":"http:\/\/dreptroman.ro\/?page_id=964"},"modified":"2026-02-23T16:23:56","modified_gmt":"2026-02-23T13:23:56","slug":"bibliografie","status":"publish","type":"page","link":"https:\/\/dreptroman.ro\/?page_id=964","title":{"rendered":"Bibliografie"},"content":{"rendered":"<p>&nbsp;<\/p>\n<p>Aceasta este o bibliografie orientativ\u0103, la care se vor ad\u0103uga pe parcurs indica\u021bii bibliografice speciale, aferente fiec\u0103rei teme de dezbatere (drept intern \u0219i drept comparat).<\/p>\n<p>&nbsp;<\/p>\n<p>&#8211; Alexandresco, D.,\u00a0<i>Explica\u0163iunea teoretic\u0103 \u015fi practic\u0103 a dreptului civil rom\u00e2n&#8230;<\/i>, ed. a 2-a, vol. III\/2, <i>Succesiunea legal\u0103 <\/i>,\u00a0 vol. IV\/1 <i>Dona\u0163iunile \u00eentre vii\u00a0<\/i>\u015fi vol. IV\/2 <i>Testamentele<\/i>, Socec 1910-1914<\/p>\n<p>&#8211; Baias, F. et al. (coord.)\u00a0<em>Noul cod civil. Comentariu pe articole<\/em>, Hamangiu 2012 (sau edi\u021bia urm\u0103toare)<\/p>\n<p>&#8211; Bob,\u00a0M.D., <i>Probleme de mo\u015fteniri \u00een vechiul \u015fi \u00een noul cod civil<\/i>, Universul juridic 2012<\/p>\n<p>&#8211; Bob,\u00a0M.D. (coord.),\u00a0<em>5 ani de cod civil &#8211; perspectiva notarial<i>\u0103<\/i><\/em>, Monitorul oficial 2016<\/p>\n<p>&#8211; Bob,\u00a0M.D. (coord.),\u00a0<em>Familie \u0219i\u00a0mo\u0219tenire\u00a0\u00een\u00a0Rom<i>\u00e2<\/i>nia<\/em>, Universul juridic 2017<\/p>\n<p>&#8211; Bob-Boc\u0219an, M.D.,\u00a0<em>Manual elementar de mo\u0219teniri \u0219i liberalit\u0103\u021bi<\/em>, Universul juridic 2025<\/p>\n<p>&#8211; Bocsan, M.D., <i>Practic\u0103 testamentar\u0103. Jurispruden\u0163\u0103 rom\u00e2n\u0103 1865-2002<\/i>, Rosetti 2003<\/p>\n<p>&#8211; Chirica, D.,\u00a0<em>Tratat &#8211; Succesiuni \u0219i\u00a0<\/em><i>liberalit\u0103\u021bi<\/i>, Beck, 2017<\/p>\n<p>&#8211; Deak, Fr.,\u00a0<i>Tratat de drept succesoral<\/i>, Actami, 1999 (sau oricare din edi\u021biile urm\u0103toare)<\/p>\n<p>&#8211; Deak, Fr., Popescu, R., <i>Tratat de drept succesoral<\/i><em>,\u00a0<\/em>vol. I-III, Universul juridic 2018-2019<\/p>\n<p>&#8211; Eliescu,\u00a0M.,\u00a0<i>Mo\u015ftenirea \u015fi devolu\u0163iunea ei \u00een dreptul RSR\u00a0<\/i>\u015fi <i>Transmisiunea \u015fi \u00eemp\u0103r\u0163eala mo\u015ftenirii \u00een dreptul RSR,<\/i> Ed. Academiei RSR 1966<\/p>\n<p>&#8211; Grimaldi,\u00a0M. (coord.), <i>Droit patrimonial de la famille<\/i>, Dalloz, Paris, (oricare din edi\u021biile de dup\u0103 reforma din 2007)<\/p>\n<p>&#8211; Popa, I.,\u00a0<em>Drept civil. Drept civil. Mo\u0219teniri \u0219i <\/em><i>liberalit\u0103\u021bi<\/i>, Solomon, 2022<\/p>\n<p>&#8211; Rosetti-B\u0103l\u0103nescu, I., B\u0103icoianu,\u00a0Al.,\u00a0<i>Drept civil rom\u00e2n<\/i> vol. III:<i> Regimuri matrimoniale. Succesiuni. Dona\u0163iuni. Testamente<\/i>, Socec, 1948 (sau edi\u0163ia 1928, reeditat\u0103 Ed. All, 1998 sqq.)<\/p>\n<p>&#8211; reviste: RRD, Dreptul, PR, C.Jud., RRDP, RRDJ, JCP \u2013 G, Dalloz, RTDciv.<\/p>\n<p>&#8211; situl MJ: <a href=\"http:\/\/www.just.ro\/\">http:\/\/www.just.ro<\/a><\/p>\n<p>&#8211; Portalul legislativ al MJ: <a href=\"http:\/\/legislatie.just.ro\/\">http:\/\/legislatie.just.ro<\/a><\/p>\n<p>&#8211; <a href=\"https:\/\/e-justice.europa.eu\/topics\/family-matters-inheritance\/inheritance\/succession_en\" target=\"_blank\" rel=\"noopener\">European Justice Portal &#8211; Succession<\/a><\/p>\n<p>&#8211; <a href=\"https:\/\/www.notariesofeurope.eu\/en\/faq3\/successions-in-europe\/\" target=\"_blank\" rel=\"noopener\">succession in Europe &#8211; CNUE<\/a><\/p>\n<p>&nbsp;<\/p>\n","protected":false},"excerpt":{"rendered":"<p>&nbsp; Aceasta este o bibliografie orientativ\u0103, la care se vor ad\u0103uga pe parcurs indica\u021bii bibliografice speciale, aferente fiec\u0103rei teme de dezbatere (drept intern \u0219i drept comparat). &nbsp; &#8211; Alexandresco, D.,\u00a0Explica\u0163iunea teoretic\u0103 \u015fi practic\u0103 a dreptului civil rom\u00e2n&#8230;, ed. a 2-a, vol. III\/2, Succesiunea legal\u0103 ,\u00a0 vol. IV\/1 Dona\u0163iunile \u00eentre vii\u00a0\u015fi vol. IV\/2 Testamentele, Socec 1910-1914 [&hellip;]<\/p>\n","protected":false},"author":1,"featured_media":0,"parent":677,"menu_order":2,"comment_status":"open","ping_status":"open","template":"","meta":{"_bbp_topic_count":0,"_bbp_reply_count":0,"_bbp_total_topic_count":0,"_bbp_total_reply_count":0,"_bbp_voice_count":0,"_bbp_anonymous_reply_count":0,"_bbp_topic_count_hidden":0,"_bbp_reply_count_hidden":0,"_bbp_forum_subforum_count":0,"footnotes":""},"class_list":["post-964","page","type-page","status-publish","hentry"],"_links":{"self":[{"href":"https:\/\/dreptroman.ro\/index.php?rest_route=\/wp\/v2\/pages\/964","targetHints":{"allow":["GET"]}}],"collection":[{"href":"https:\/\/dreptroman.ro\/index.php?rest_route=\/wp\/v2\/pages"}],"about":[{"href":"https:\/\/dreptroman.ro\/index.php?rest_route=\/wp\/v2\/types\/page"}],"author":[{"embeddable":true,"href":"https:\/\/dreptroman.ro\/index.php?rest_route=\/wp\/v2\/users\/1"}],"replies":[{"embeddable":true,"href":"https:\/\/dreptroman.ro\/index.php?rest_route=%2Fwp%2Fv2%2Fcomments&post=964"}],"version-history":[{"count":20,"href":"https:\/\/dreptroman.ro\/index.php?rest_route=\/wp\/v2\/pages\/964\/revisions"}],"predecessor-version":[{"id":4401,"href":"https:\/\/dreptroman.ro\/index.php?rest_route=\/wp\/v2\/pages\/964\/revisions\/4401"}],"up":[{"embeddable":true,"href":"https:\/\/dreptroman.ro\/index.php?rest_route=\/wp\/v2\/pages\/677"}],"wp:attachment":[{"href":"https:\/\/dreptroman.ro\/index.php?rest_route=%2Fwp%2Fv2%2Fmedia&parent=964"}],"curies":[{"name":"wp","href":"https:\/\/api.w.org\/{rel}","templated":true}]}}