{"id":897,"date":"2012-12-04T07:23:47","date_gmt":"2012-12-04T07:23:47","guid":{"rendered":"http:\/\/dreptroman.ro\/?page_id=897"},"modified":"2023-02-13T10:27:33","modified_gmt":"2023-02-13T07:27:33","slug":"evenimente","status":"publish","type":"page","link":"https:\/\/dreptroman.ro\/?page_id=897","title":{"rendered":"Evenimente"},"content":{"rendered":"<p>&nbsp;<\/p>\n<p>&#8211; 7.XII.2012, Sala Constantin Stoicescu, Facultatea de Drept a&nbsp;Universit\u0103\u021bii&nbsp;Bucure\u0219ti<\/p>\n<p><a href=\"https:\/\/dreptroman.ro\/wp-content\/uploads\/2012\/12\/Ioana-Noiembrie-2012-049.jpg\"><img loading=\"lazy\" decoding=\"async\" class=\"size-medium wp-image-911 alignright\" src=\"https:\/\/dreptroman.ro\/wp-content\/uploads\/2012\/12\/Ioana-Noiembrie-2012-049-168x300.jpg\" alt=\"Traian\" width=\"168\" height=\"300\" srcset=\"https:\/\/dreptroman.ro\/wp-content\/uploads\/2012\/12\/Ioana-Noiembrie-2012-049-168x300.jpg 168w, https:\/\/dreptroman.ro\/wp-content\/uploads\/2012\/12\/Ioana-Noiembrie-2012-049-576x1024.jpg 576w\" sizes=\"auto, (max-width: 168px) 100vw, 168px\" \/><\/a><\/p>\n<p style=\"text-align: left;\"><strong>Reuniunea profesorilor de Drept Roman&nbsp;<\/strong><strong>de la facult\u0103\u021bile de drept din Rom\u00e2nia<\/strong><\/p>\n<p>&nbsp;<\/p>\n<p>Exist\u0103 la ora actual\u0103 \u00een \u021bar\u0103 o tendin\u021b\u0103 regretabil\u0103 de a minimaliza importan\u021ba Dreptului Roman \u0219i de a-l reduce c\u00e2t mai mult posibil din programa de studii.<\/p>\n<p>\u00cen vederea identific\u0103rii c\u0103ilor optime care s\u0103 asigure Dreptului Roman un loc corespunz\u0103tor statutului pe care consider\u0103m c\u0103-l merit\u0103, se convoac\u0103 prima Reuniune a profesorilor de Drept Roman de la Facult\u0103\u021bile de Drept din Rom\u00e2nia.<\/p>\n<p>Este vorba de o \u00eent\u00e2lnire colegial\u0103 care va urm\u0103ri dou\u0103 obiective:<br \/>\n1. s\u0103 ne cunoa\u015ftem \u00eentre noi, profesorii de Drept Roman;<br \/>\n2. s\u0103 ne consult\u0103m asupra c\u0103ilor optime de a ac\u021biona pentru promovarea disciplinei ce o pred\u0103m.<\/p>\n<p style=\"text-align: left;\" align=\"right\">Organizatori:<\/p>\n<p style=\"text-align: left;\" align=\"right\">prof.dr. Dan Oancea, Universitatea Bucure\u015fti<\/p>\n<p style=\"text-align: left;\" align=\"right\">prof.dr. Teodor S\u00e2mbrian, Universitatea din Craiova<\/p>\n<p style=\"text-align: left;\" align=\"right\">conf.dr. Mircea Bob, Universitatea \u201eBabe\u015f-Bolyai\u201d din Cluj-Napoca<\/p>\n<p>&nbsp;<\/p>\n<p><strong>Contact<\/strong>:&nbsp;<a href=\"mailto:mirceabob@law.ubbcluj.ro\">mirceabob@law.ubbcluj.ro<\/a><\/p>\n<p>&nbsp;<\/p>\n<p>Rezultatul intalnirii &#8211; <a href=\"http:\/\/www.juridice.ro\/235364\/reuniunea-profesorilor-de-drept-roman-de-la-facultile-de-drept-din-romania.html\" target=\"_blank\" rel=\"noopener noreferrer\">COMUNICAT<\/a><\/p>\n","protected":false},"excerpt":{"rendered":"<p>&nbsp; &#8211; 7.XII.2012, Sala Constantin Stoicescu, Facultatea de Drept a&nbsp;Universit\u0103\u021bii&nbsp;Bucure\u0219ti Reuniunea profesorilor de Drept Roman&nbsp;de la facult\u0103\u021bile de drept din Rom\u00e2nia &nbsp; Exist\u0103 la ora actual\u0103 \u00een \u021bar\u0103 o tendin\u021b\u0103 regretabil\u0103 de a minimaliza importan\u021ba Dreptului Roman \u0219i de a-l reduce c\u00e2t mai mult posibil din programa de studii. \u00cen vederea identific\u0103rii c\u0103ilor optime care [&hellip;]<\/p>\n","protected":false},"author":1,"featured_media":0,"parent":538,"menu_order":9,"comment_status":"open","ping_status":"open","template":"","meta":{"_bbp_topic_count":0,"_bbp_reply_count":0,"_bbp_total_topic_count":0,"_bbp_total_reply_count":0,"_bbp_voice_count":0,"_bbp_anonymous_reply_count":0,"_bbp_topic_count_hidden":0,"_bbp_reply_count_hidden":0,"_bbp_forum_subforum_count":0,"footnotes":""},"class_list":["post-897","page","type-page","status-publish","hentry"],"_links":{"self":[{"href":"https:\/\/dreptroman.ro\/index.php?rest_route=\/wp\/v2\/pages\/897","targetHints":{"allow":["GET"]}}],"collection":[{"href":"https:\/\/dreptroman.ro\/index.php?rest_route=\/wp\/v2\/pages"}],"about":[{"href":"https:\/\/dreptroman.ro\/index.php?rest_route=\/wp\/v2\/types\/page"}],"author":[{"embeddable":true,"href":"https:\/\/dreptroman.ro\/index.php?rest_route=\/wp\/v2\/users\/1"}],"replies":[{"embeddable":true,"href":"https:\/\/dreptroman.ro\/index.php?rest_route=%2Fwp%2Fv2%2Fcomments&post=897"}],"version-history":[{"count":10,"href":"https:\/\/dreptroman.ro\/index.php?rest_route=\/wp\/v2\/pages\/897\/revisions"}],"predecessor-version":[{"id":3691,"href":"https:\/\/dreptroman.ro\/index.php?rest_route=\/wp\/v2\/pages\/897\/revisions\/3691"}],"up":[{"embeddable":true,"href":"https:\/\/dreptroman.ro\/index.php?rest_route=\/wp\/v2\/pages\/538"}],"wp:attachment":[{"href":"https:\/\/dreptroman.ro\/index.php?rest_route=%2Fwp%2Fv2%2Fmedia&parent=897"}],"curies":[{"name":"wp","href":"https:\/\/api.w.org\/{rel}","templated":true}]}}