{"id":822,"date":"2012-10-26T03:53:45","date_gmt":"2012-10-26T03:53:45","guid":{"rendered":"http:\/\/dreptroman.ro\/?page_id=822"},"modified":"2023-02-13T10:27:47","modified_gmt":"2023-02-13T07:27:47","slug":"legaturi-utile","status":"publish","type":"page","link":"https:\/\/dreptroman.ro\/?page_id=822","title":{"rendered":"Leg\u0103turi utile"},"content":{"rendered":"<h2><span style=\"color: #ff0000;\"><strong>Informa\u021bii succinte &#8211; Istoria general\u0103 a Romei&nbsp;\u0219i a Imperiului Roman<\/strong><\/span><\/h2>\n<p><a href=\"https:\/\/istorie-edu.ro\/istoria-universala\/07-roma-antica.html\" target=\"_blank\" rel=\"noopener noreferrer\">Istoria abreviat\u0103 a Romei antice<\/a><\/p>\n<p><a href=\"http:\/\/www.vox.com\/2014\/8\/19\/5942585\/40-maps-that-explain-the-roman-empire\" target=\"_blank\" rel=\"noopener noreferrer\">40 maps that explain the Roman Empire<\/a><\/p>\n<p><a href=\"https:\/\/digitalmapsoftheancientworld.com\" target=\"_blank\" rel=\"noopener noreferrer\">Digital maps of the ancient world<\/a><\/p>\n<h2><\/h2>\n<h2><span style=\"color: #ff0000;\"><strong>Situri axate pe Dreptul Roman<\/strong><\/span><\/h2>\n<p>&#8211; <a href=\"http:\/\/iuscivile.com\" target=\"_blank\" rel=\"noopener noreferrer\">Roman Law Resources<\/a>, <strong>cel mai complet portal<\/strong> de Drept Roman&nbsp;\u0219i Istoria general\u0103 a dreptului. Cel interesat poate&nbsp;g\u0103si&nbsp;aici o&nbsp;sec\u021biune&nbsp;de texte de drept roman, articole full text din reviste, lista cronologic\u0103 a reuniunilor de specialitate, lista periodicelor de specialitate etc.<\/p>\n<p>&#8211; <a href=\"http:\/\/home.kpn.nl\/otto.vervaart\/droit_romain.htm\" target=\"_blank\" rel=\"noopener noreferrer\">Droit romain<\/a>, portal complex pe teme de Drept Roman, cu sylabus, leg\u0103turi directe spre izvoare online \u0219i alte situri de specialitate<\/p>\n<p>&#8211; <a href=\"http:\/\/iusromanum.eu\" target=\"_blank\" rel=\"noopener noreferrer\">Ius Romanum<\/a>, situl multilingv de Drept Roman al Universitatii din Sofia, cu&nbsp;revista electronic\u0103 cu acela\u0219i titlu &#8211; \u00een acces liber, activitatea Societas Ius Romanorum, leg\u0103turi utile<\/p>\n<p>&#8211; <a title=\"the study of civil (roman) law\" href=\"https:\/\/www.youtube.com\/watch?v=GNqiNeVj8GU\" target=\"_blank\" rel=\"noopener noreferrer\">The study of Civil (Roman) Law<\/a>,&nbsp;prezentarea importan\u021bei studiului dreptului roman la Cambridge Universiy de c\u0103tre prof. Matthew Dyson (2013)<\/p>\n<p>&#8211; <a title=\"The spirit of Roman Law\" href=\"https:\/\/www.youtube.com\/watch?v=D_k7lFYd4PE\" target=\"_blank\" rel=\"noopener noreferrer\">The spirit of Roman Law<\/a>, conferin\u021b\u0103 sus\u021binut\u0103 la Cornell University (SUA) de&nbsp;Okko Behrends, profesor la Universitatea Goettingen, Germania (2009)<\/p>\n<p>&#8211; <a href=\"http:\/\/www.centresaintebarbe.fr\/idr.html\">Institut de droit romain<\/a>, Institutul de drept roman al Universit\u0103\u021bii Paris II &#8222;Pantheon-Assas&#8221;<\/p>\n<p>&#8211; <a href=\"http:\/\/www.fordham.edu\/halsall\/ancient\/12tables.asp\" target=\"_blank\" rel=\"noopener noreferrer\">Lex duodecim tabularum<\/a>, (english translation) sau <a href=\"http:\/\/www.csun.edu\/~hcfll004\/12tables.html\" target=\"_blank\" rel=\"noopener noreferrer\">The twelve table<\/a>s sau <a href=\"http:\/\/droitromain.upmf-grenoble.fr\/Anglica\/twelve_Scott.html\">The twelve tables<\/a><\/p>\n<p>&#8211; <a href=\"http:\/\/www.fordham.edu\/Halsall\/ancient\/asbook-law.asp#Rome\" target=\"_blank\" rel=\"noopener noreferrer\">Ancient history books: legal texts &#8211; Rome<\/a>, pe situl Universit\u0103\u021bii Fordham<\/p>\n<p>&#8211; <a href=\"http:\/\/droitromain.upmf-grenoble.fr\/\" target=\"_blank\" rel=\"noopener noreferrer\">The Roman Law library<\/a>, texte de drept roman \u0219i nu numai, \u00een aproape toate limbile de circula\u021bie interna\u021bional\u0103, plus linkuri c\u0103tre alte situri de profil<\/p>\n<p>&#8211; <a href=\"http:\/\/thelatinlibrary.com\/law\/links.html\" target=\"_blank\" rel=\"noopener noreferrer\">Roman Law links<\/a>, o serie de leg\u0103turi utile oferite pe pagina lui William L. Carey, University of Fairfax, Virginia (USA)<\/p>\n<p>&#8211; <a href=\"http:\/\/www.uwyo.edu\/lawlib\/blume-justinian\/index.html\" target=\"_blank\" rel=\"noopener noreferrer\">Annotated Justinian Code and Justinian&#8217;s Novels<\/a><\/p>\n<h2><\/h2>\n<h2><span style=\"color: #ff0000;\"><strong>Situri axate pe Istoria generala a dreptului<\/strong><\/span><\/h2>\n<p>&#8211; <a href=\"http:\/\/esclh.blogspot.ro\/\" target=\"_blank\" rel=\"noopener noreferrer\">European Society for Comparative Legal History<\/a><\/p>\n<p>&#8211; <a href=\"http:\/\/societehistoiredudroit.com\/\" target=\"_blank\" rel=\"noopener noreferrer\">Soci<\/a><a href=\"http:\/\/www.histoiredudroit.fr\/index.html\" target=\"_blank\" rel=\"noopener noreferrer\">\u00e9<\/a><a href=\"http:\/\/societehistoiredudroit.com\/\" target=\"_blank\" rel=\"noopener noreferrer\">t<\/a><a href=\"http:\/\/www.histoiredudroit.fr\/index.html\" target=\"_blank\" rel=\"noopener noreferrer\">\u00e9<\/a><a href=\"http:\/\/societehistoiredudroit.com\/\" target=\"_blank\" rel=\"noopener noreferrer\"> d&#8217;histoire du droit<\/a><\/p>\n<p>&#8211; <a href=\"http:\/\/www.histoiredudroit.fr\/index.html\" target=\"_blank\" rel=\"noopener noreferrer\">Portail num\u00e9rique de l&#8217;histoire du droit<\/a>, sit de limb\u0103 francez\u0103 dedicat cercet\u0103rilor de istoria general\u0103 a dreptului. Con\u021bine linkuri c\u0103tre alte situri \u0219i biblioteci online de profil, <strong>\u00een toate limbile de circula\u021bie interna\u021bional\u0103<\/strong>.<\/p>\n<h2><\/h2>\n<h2><span style=\"color: #ff0000;\"><strong>Periodice de specialitate<\/strong><\/span><\/h2>\n<p>&#8211; <a href=\"http:\/\/local.droit.ulg.ac.be\/sa\/rida\/\" target=\"_blank\" rel=\"noopener noreferrer\">Revue internationale des droits de l&#8217;antiquit\u00e9<\/a>, revist\u0103 fondat\u0103 in 1947 in Belgia, una dintre cele mai prestigioase reviste de profil.<\/p>\n<p>&#8211; <a href=\"http:\/\/www.forhistiur.de\/\" target=\"_blank\" rel=\"noopener noreferrer\"><em>Forum historiae iuris<\/em><\/a>, prima revist\u0103 electronic\u0103 de istoria dreptului &#8211; ini\u021biat\u0103 de studen\u021bii de la Universitatea Humboldt, Berlin<\/p>\n<p>&#8211; <a href=\"http:\/\/booksandjournals.brillonline.com\/content\/journals\/15718190\" target=\"_blank\" rel=\"noopener noreferrer\">Tijdschrift voor Rechtsgeschiedenis \/Revue d&#8217;histoire du droit \/ The legal history review<\/a>, publica\u021bie fondat\u0103 \u00een 1918 pentru a studia bazele comune ale tradi\u021biei juridice occidentale. G\u0103zduieste cercetari de Drept Roman, Drept canonic, Istoria dreptului \u00een diferite \u021b\u0103ri, precum \u0219i Istoria <em>common law<\/em> englez.<\/p>\n<p>&#8211; <a href=\"http:\/\/www.romanlegaltradition.org\" target=\"_blank\" rel=\"noopener noreferrer\">Roman Legal Tradition<\/a>, revist\u0103 publicat\u0103 de&nbsp;The Ames Foundation at the Harvard Law School and the University of Glasgow School of Law. Materialele publicate sunt oferite \u00een&nbsp;acces liber integral.<\/p>\n<p>&#8211; <a href=\"http:\/\/www.cliothemis.com\/\" target=\"_blank\" rel=\"noopener noreferrer\">Clio@Themis. Revue electronique d&#8217;histoire du droit<\/a>, revista fondat\u0103 de cercet\u0103tori de la CNRS Fran\u021ba. Con\u021bine materiale publicate <strong>\u00een toate limbile de circula\u021bie interna\u021bional\u0103<\/strong>, \u00een acces liber integral.<\/p>\n<p>&#8211; <a href=\"http:\/\/ridrom.uclm.es\/\" target=\"_blank\" rel=\"noopener noreferrer\">RIDROM<\/a>, revist\u0103 de Drept Roman \u0219i de Istorie general\u0103 a dreptului, editat\u0103 de Universitatea Castilla &#8211; La Mancha \u0219i Asociatia Ibero-american\u0103 de Drept Roman. Con\u021bine materiale publicate \u00een limbile spaniol\u0103 \u0219i englez\u0103.<\/p>\n<p>&#8211; <a href=\"http:\/\/www.drept.unibuc.ro\/Arhiva-s69-ro.htm\" target=\"_blank\" rel=\"noopener noreferrer\">Analele Universit\u0103\u021bii din Bucure\u0219ti, seria Drept<\/a>, revista&nbsp;Facult\u0103\u021bii de Drept a UB.&nbsp;Con\u021bine materiale publicate \u00een limba rom\u00e2n\u0103&nbsp;\u0219i \u00een limbi de circula\u021bie interna\u021bional\u0103, acces limitat numai la rezumate.<\/p>\n<p>&#8211;&nbsp;<a href=\"http:\/\/studia.law.ubbcluj.ro\/\" target=\"_blank\" rel=\"noopener noreferrer\">Studia Universitatis Babe\u0219-Bolyai, series Iurisprudentia<\/a>, revista Facult\u0103\u021bii de Drept a UBB Cluj-Napoca.&nbsp;Con\u021bine materiale publicate \u00een limba rom\u00e2n\u0103&nbsp;\u0219i \u00een limbi&nbsp;de circula\u021bie interna\u021bional\u0103, \u00een acces liber integral.<\/p>\n<p>&#8211; <a href=\"http:\/\/drept.ucv.ro\/RSJ\/index.php\/2-uncategorised\/1-revista-de-stiinte-juridice\" target=\"_blank\" rel=\"noopener noreferrer\">Revista de \u0218tiin\u021be Juridice<\/a>, revista Facult\u0103\u021bii de Drept a Universit\u0103\u021bii din Craiova.&nbsp;Con\u021bine materiale publicate \u00een limba rom\u00e2n\u0103&nbsp;\u0219i \u00een limbi de circula\u021bie interna\u021bional\u0103, acces limitat numai la rezumate.<\/p>\n<p>&#8211; <a href=\"http:\/\/laws.uaic.ro\/anale_stiintifice.html\" target=\"_blank\" rel=\"noopener noreferrer\">Analele \u0218tiin\u021bifice ale Universit\u0103\u021bii &#8222;Al.I. Cuza&#8221; din Ia\u0219i, seria Stiinte juridice<\/a>, revista&nbsp;Facult\u0103\u021bii de Drept a UAIC Ia\u0219i.&nbsp;Con\u021bine materiale publicate \u00een limba rom\u00e2n\u0103 \u0219i \u00een limbi de circula\u021bie interna\u021bional\u0103, \u00een acces liber integral.<\/p>\n<p>&#8211; <a href=\"http:\/\/www.drept.uvt.ro\/?l1=15&amp;l2=127&amp;l3=129\" target=\"_blank\" rel=\"noopener noreferrer\">Analele Universit\u0103\u021bii de Vest din Timisoara, seria Drept<\/a>, revista Facult\u0103\u021bii de Drept a UVT.&nbsp;Con\u021bine materiale publicate \u00een limba rom\u00e2n\u0103&nbsp;\u0219i \u00een limbi de circula\u021bie interna\u021bional\u0103, acces limitat numai la rezumate.<\/p>\n<p>&#8211; <a href=\"http:\/\/journals.cambridge.org\/action\/displayJournal?jid=LHR\" target=\"_blank\" rel=\"noopener noreferrer\">Law and History Review<\/a>, revista American Society for Legal History.<\/p>\n","protected":false},"excerpt":{"rendered":"<p>Informa\u021bii succinte &#8211; Istoria general\u0103 a Romei&nbsp;\u0219i a Imperiului Roman Istoria abreviat\u0103 a Romei antice 40 maps that explain the Roman Empire Digital maps of the ancient world Situri axate pe Dreptul Roman &#8211; Roman Law Resources, cel mai complet portal de Drept Roman&nbsp;\u0219i Istoria general\u0103 a dreptului. Cel interesat poate&nbsp;g\u0103si&nbsp;aici o&nbsp;sec\u021biune&nbsp;de texte de drept [&hellip;]<\/p>\n","protected":false},"author":1,"featured_media":0,"parent":538,"menu_order":10,"comment_status":"open","ping_status":"open","template":"","meta":{"_bbp_topic_count":0,"_bbp_reply_count":0,"_bbp_total_topic_count":0,"_bbp_total_reply_count":0,"_bbp_voice_count":0,"_bbp_anonymous_reply_count":0,"_bbp_topic_count_hidden":0,"_bbp_reply_count_hidden":0,"_bbp_forum_subforum_count":0,"footnotes":""},"class_list":["post-822","page","type-page","status-publish","hentry"],"_links":{"self":[{"href":"https:\/\/dreptroman.ro\/index.php?rest_route=\/wp\/v2\/pages\/822","targetHints":{"allow":["GET"]}}],"collection":[{"href":"https:\/\/dreptroman.ro\/index.php?rest_route=\/wp\/v2\/pages"}],"about":[{"href":"https:\/\/dreptroman.ro\/index.php?rest_route=\/wp\/v2\/types\/page"}],"author":[{"embeddable":true,"href":"https:\/\/dreptroman.ro\/index.php?rest_route=\/wp\/v2\/users\/1"}],"replies":[{"embeddable":true,"href":"https:\/\/dreptroman.ro\/index.php?rest_route=%2Fwp%2Fv2%2Fcomments&post=822"}],"version-history":[{"count":60,"href":"https:\/\/dreptroman.ro\/index.php?rest_route=\/wp\/v2\/pages\/822\/revisions"}],"predecessor-version":[{"id":3692,"href":"https:\/\/dreptroman.ro\/index.php?rest_route=\/wp\/v2\/pages\/822\/revisions\/3692"}],"up":[{"embeddable":true,"href":"https:\/\/dreptroman.ro\/index.php?rest_route=\/wp\/v2\/pages\/538"}],"wp:attachment":[{"href":"https:\/\/dreptroman.ro\/index.php?rest_route=%2Fwp%2Fv2%2Fmedia&parent=822"}],"curies":[{"name":"wp","href":"https:\/\/api.w.org\/{rel}","templated":true}]}}