{"id":734,"date":"2012-09-30T18:35:14","date_gmt":"2012-09-30T18:35:14","guid":{"rendered":"http:\/\/dreptroman.ro\/?page_id=734"},"modified":"2012-09-30T18:53:56","modified_gmt":"2012-09-30T18:53:56","slug":"proiect-auf-2008","status":"publish","type":"page","link":"https:\/\/dreptroman.ro\/?page_id=734","title":{"rendered":"Proiect AUF 2008"},"content":{"rendered":"<p><strong>Appui \u00e0 l\u2019organisation d\u2019une manifestation scientifique (Agence universitaire de la francophonie, 4000 euro)<\/strong><\/p>\n<p>&nbsp;<\/p>\n<p>&#8211; <strong>echipa<\/strong>: Mircea Dan Bob (director)<\/p>\n<p>&#8211; <strong>desf\u0103\u0219urare<\/strong>: 9-12 X.2008, colocviul interna\u0163ional \u201eLa recodification et les tendances actuelles du droit priv\u00e9 actuel\u201d,\u00a0desf\u0103\u0219urat\u00a0la facultatea de Drept a\u00a0Universit\u0103\u021bii\u00a0Alecu Russo din B\u0103l\u0163i, Republica Moldova.\u00a0Manifestarea \u015ftiin\u0163ific\u0103 a fost conceput\u0103 \u00een acela\u015fi timp ca \u015fcoal\u0103 de var\u0103 la care au participat 32 de studen\u0163i.<\/p>\n<p>&#8211;\u00a0<strong>rezultate<\/strong>:\u00a0volumul colectiv &#8222;La recodification et les tendances actuelles du droit priv\u00e9&#8221;, publicat in nr. 2\/2008 al revistei Studia &#8211; Iurisprudentia\u00a0<a href=\"http:\/\/studia.law.ubbcluj.ro\/articole.php?an=2008\">http:\/\/studia.law.ubbcluj.ro\/articole.php?an=2008<\/a><\/p>\n","protected":false},"excerpt":{"rendered":"<p>Appui \u00e0 l\u2019organisation d\u2019une manifestation scientifique (Agence universitaire de la francophonie, 4000 euro) &nbsp; &#8211; echipa: Mircea Dan Bob (director) &#8211; desf\u0103\u0219urare: 9-12 X.2008, colocviul interna\u0163ional \u201eLa recodification et les tendances actuelles du droit priv\u00e9 actuel\u201d,\u00a0desf\u0103\u0219urat\u00a0la facultatea de Drept a\u00a0Universit\u0103\u021bii\u00a0Alecu Russo din B\u0103l\u0163i, Republica Moldova.\u00a0Manifestarea \u015ftiin\u0163ific\u0103 a fost conceput\u0103 \u00een acela\u015fi timp ca \u015fcoal\u0103 de [&hellip;]<\/p>\n","protected":false},"author":1,"featured_media":0,"parent":229,"menu_order":2,"comment_status":"open","ping_status":"open","template":"","meta":{"_bbp_topic_count":0,"_bbp_reply_count":0,"_bbp_total_topic_count":0,"_bbp_total_reply_count":0,"_bbp_voice_count":0,"_bbp_anonymous_reply_count":0,"_bbp_topic_count_hidden":0,"_bbp_reply_count_hidden":0,"_bbp_forum_subforum_count":0,"footnotes":""},"class_list":["post-734","page","type-page","status-publish","hentry"],"_links":{"self":[{"href":"https:\/\/dreptroman.ro\/index.php?rest_route=\/wp\/v2\/pages\/734","targetHints":{"allow":["GET"]}}],"collection":[{"href":"https:\/\/dreptroman.ro\/index.php?rest_route=\/wp\/v2\/pages"}],"about":[{"href":"https:\/\/dreptroman.ro\/index.php?rest_route=\/wp\/v2\/types\/page"}],"author":[{"embeddable":true,"href":"https:\/\/dreptroman.ro\/index.php?rest_route=\/wp\/v2\/users\/1"}],"replies":[{"embeddable":true,"href":"https:\/\/dreptroman.ro\/index.php?rest_route=%2Fwp%2Fv2%2Fcomments&post=734"}],"version-history":[{"count":5,"href":"https:\/\/dreptroman.ro\/index.php?rest_route=\/wp\/v2\/pages\/734\/revisions"}],"predecessor-version":[{"id":746,"href":"https:\/\/dreptroman.ro\/index.php?rest_route=\/wp\/v2\/pages\/734\/revisions\/746"}],"up":[{"embeddable":true,"href":"https:\/\/dreptroman.ro\/index.php?rest_route=\/wp\/v2\/pages\/229"}],"wp:attachment":[{"href":"https:\/\/dreptroman.ro\/index.php?rest_route=%2Fwp%2Fv2%2Fmedia&parent=734"}],"curies":[{"name":"wp","href":"https:\/\/api.w.org\/{rel}","templated":true}]}}