{"id":732,"date":"2012-09-30T18:34:53","date_gmt":"2012-09-30T18:34:53","guid":{"rendered":"http:\/\/dreptroman.ro\/?page_id=732"},"modified":"2012-09-30T18:42:10","modified_gmt":"2012-09-30T18:42:10","slug":"proiect-mc-2008","status":"publish","type":"page","link":"https:\/\/dreptroman.ro\/?page_id=732","title":{"rendered":"Proiect MC 2008"},"content":{"rendered":"<p>&nbsp;<\/p>\n<p><strong>Grant CNCSIS de tip MC<\/strong>\u00a0(nr. 56\/III.2008)<\/p>\n<p>&nbsp;<\/p>\n<p>&#8211; <strong>echipa<\/strong>: Mircea Dan Bob (director), Paul Vasilescu (membru)<\/p>\n<p>&#8211; <strong>desf\u0103\u0219urare<\/strong>:\u00a0 deplasare\u00a0\u00een\u00a0perioada 18-22 V.2008, la Baton Rouge \u015fi New Orleans, Louisiana, SUA, la congresul anual al Asocia\u0163iei Capitant, av\u00e2nd ca tem\u0103 \u201eDroit et culture\u201d. Raportor la subtema \u201eCulture et droit civil\u201d,\u00a0loc\u021biitor\u00a0la rapoartele rom\u00e2ne pe tema \u201eCulture et droit international\u201d, respectiv \u201eCulture et droit processuel&#8221;;<\/p>\n<p>&#8211;\u00a0<strong>rezultat<\/strong>:\u00a0. \u201eCulture et droit civil en Roumanie\u201d (\u00een colab. cu Paul Vasilescu),\u00a0\u00een\u00a0vol. \u201eDroit et culture \u2013 Travaux de l\u2019Association Henri Capitant, Journ\u00e9es louisianaises\u201d, t\u00f4me LVIII\/2008, Bruylant, 2010, pp. 253-282.<\/p>\n","protected":false},"excerpt":{"rendered":"<p>&nbsp; Grant CNCSIS de tip MC\u00a0(nr. 56\/III.2008) &nbsp; &#8211; echipa: Mircea Dan Bob (director), Paul Vasilescu (membru) &#8211; desf\u0103\u0219urare:\u00a0 deplasare\u00a0\u00een\u00a0perioada 18-22 V.2008, la Baton Rouge \u015fi New Orleans, Louisiana, SUA, la congresul anual al Asocia\u0163iei Capitant, av\u00e2nd ca tem\u0103 \u201eDroit et culture\u201d. Raportor la subtema \u201eCulture et droit civil\u201d,\u00a0loc\u021biitor\u00a0la rapoartele rom\u00e2ne pe tema \u201eCulture et [&hellip;]<\/p>\n","protected":false},"author":1,"featured_media":0,"parent":229,"menu_order":1,"comment_status":"open","ping_status":"open","template":"","meta":{"_bbp_topic_count":0,"_bbp_reply_count":0,"_bbp_total_topic_count":0,"_bbp_total_reply_count":0,"_bbp_voice_count":0,"_bbp_anonymous_reply_count":0,"_bbp_topic_count_hidden":0,"_bbp_reply_count_hidden":0,"_bbp_forum_subforum_count":0,"footnotes":""},"class_list":["post-732","page","type-page","status-publish","hentry"],"_links":{"self":[{"href":"https:\/\/dreptroman.ro\/index.php?rest_route=\/wp\/v2\/pages\/732","targetHints":{"allow":["GET"]}}],"collection":[{"href":"https:\/\/dreptroman.ro\/index.php?rest_route=\/wp\/v2\/pages"}],"about":[{"href":"https:\/\/dreptroman.ro\/index.php?rest_route=\/wp\/v2\/types\/page"}],"author":[{"embeddable":true,"href":"https:\/\/dreptroman.ro\/index.php?rest_route=\/wp\/v2\/users\/1"}],"replies":[{"embeddable":true,"href":"https:\/\/dreptroman.ro\/index.php?rest_route=%2Fwp%2Fv2%2Fcomments&post=732"}],"version-history":[{"count":5,"href":"https:\/\/dreptroman.ro\/index.php?rest_route=\/wp\/v2\/pages\/732\/revisions"}],"predecessor-version":[{"id":2644,"href":"https:\/\/dreptroman.ro\/index.php?rest_route=\/wp\/v2\/pages\/732\/revisions\/2644"}],"up":[{"embeddable":true,"href":"https:\/\/dreptroman.ro\/index.php?rest_route=\/wp\/v2\/pages\/229"}],"wp:attachment":[{"href":"https:\/\/dreptroman.ro\/index.php?rest_route=%2Fwp%2Fv2%2Fmedia&parent=732"}],"curies":[{"name":"wp","href":"https:\/\/api.w.org\/{rel}","templated":true}]}}