{"id":677,"date":"2012-09-30T18:15:49","date_gmt":"2012-09-30T18:15:49","guid":{"rendered":"http:\/\/dreptroman.ro\/?page_id=677"},"modified":"2020-05-06T11:15:49","modified_gmt":"2020-05-06T08:15:49","slug":"probleme-de-drept-succesoral","status":"publish","type":"page","link":"https:\/\/dreptroman.ro\/?page_id=677","title":{"rendered":"Master"},"content":{"rendered":"<p><em><strong>Date esen\u021biale<\/strong><\/em>:<\/p>\n<p>titlul disciplinei: <strong>Probleme de drept succesoral<\/strong><\/p>\n<p>cod: DM 1105<\/p>\n<p>tip: fundamental\u0103, obligatorie<\/p>\n<p>forma de verificare: examen<\/p>\n<p>durata studiului: semestrul II master<\/p>\n<p>num\u0103r\u00a0de ore: 2 ore de curs\u00a0\u0219i 1 or\u0103 de seminar\u00a0s\u0103pt\u0103m\u00e2nal<\/p>\n<p><em><strong>Descriere<\/strong><\/em>: cursuri\u00a0\u0219i\u00a0seminare \u00een\u00a0care se\u00a0urm\u0103re\u0219te\u00a0aprofundarea unor aspecte importante, corelate cu\u00a0evolu\u021biile\u00a0din dreptul comparat\u00a0\u0219i\u00a0din noua\u00a0legisla\u021bie\u00a0civil\u0103\u00a0na\u021bional\u0103.<\/p>\n<p><strong>Detalii<\/strong>\u00a0&#8211;\u00a0consulta\u021bi\u00a0sec\u021biunile\u00a0<a href=\"https:\/\/dreptroman.ro\/?page_id=964\" target=\"_blank\" rel=\"noopener noreferrer\">Bibliografie<\/a>\u00a0\u0219i\u00a0<a href=\"https:\/\/dreptroman.ro\/?page_id=960\" target=\"_blank\" rel=\"noopener noreferrer\">Programare cursuri<\/a>.<\/p>\n","protected":false},"excerpt":{"rendered":"<p>Date esen\u021biale: titlul disciplinei: Probleme de drept succesoral cod: DM 1105 tip: fundamental\u0103, obligatorie forma de verificare: examen durata studiului: semestrul II master num\u0103r\u00a0de ore: 2 ore de curs\u00a0\u0219i 1 or\u0103 de seminar\u00a0s\u0103pt\u0103m\u00e2nal Descriere: cursuri\u00a0\u0219i\u00a0seminare \u00een\u00a0care se\u00a0urm\u0103re\u0219te\u00a0aprofundarea unor aspecte importante, corelate cu\u00a0evolu\u021biile\u00a0din dreptul comparat\u00a0\u0219i\u00a0din noua\u00a0legisla\u021bie\u00a0civil\u0103\u00a0na\u021bional\u0103. Detalii\u00a0&#8211;\u00a0consulta\u021bi\u00a0sec\u021biunile\u00a0Bibliografie\u00a0\u0219i\u00a0Programare cursuri.<\/p>\n","protected":false},"author":1,"featured_media":0,"parent":541,"menu_order":3,"comment_status":"open","ping_status":"open","template":"","meta":{"_bbp_topic_count":0,"_bbp_reply_count":0,"_bbp_total_topic_count":0,"_bbp_total_reply_count":0,"_bbp_voice_count":0,"_bbp_anonymous_reply_count":0,"_bbp_topic_count_hidden":0,"_bbp_reply_count_hidden":0,"_bbp_forum_subforum_count":0,"footnotes":""},"class_list":["post-677","page","type-page","status-publish","hentry"],"_links":{"self":[{"href":"https:\/\/dreptroman.ro\/index.php?rest_route=\/wp\/v2\/pages\/677","targetHints":{"allow":["GET"]}}],"collection":[{"href":"https:\/\/dreptroman.ro\/index.php?rest_route=\/wp\/v2\/pages"}],"about":[{"href":"https:\/\/dreptroman.ro\/index.php?rest_route=\/wp\/v2\/types\/page"}],"author":[{"embeddable":true,"href":"https:\/\/dreptroman.ro\/index.php?rest_route=\/wp\/v2\/users\/1"}],"replies":[{"embeddable":true,"href":"https:\/\/dreptroman.ro\/index.php?rest_route=%2Fwp%2Fv2%2Fcomments&post=677"}],"version-history":[{"count":13,"href":"https:\/\/dreptroman.ro\/index.php?rest_route=\/wp\/v2\/pages\/677\/revisions"}],"predecessor-version":[{"id":2964,"href":"https:\/\/dreptroman.ro\/index.php?rest_route=\/wp\/v2\/pages\/677\/revisions\/2964"}],"up":[{"embeddable":true,"href":"https:\/\/dreptroman.ro\/index.php?rest_route=\/wp\/v2\/pages\/541"}],"wp:attachment":[{"href":"https:\/\/dreptroman.ro\/index.php?rest_route=%2Fwp%2Fv2%2Fmedia&parent=677"}],"curies":[{"name":"wp","href":"https:\/\/api.w.org\/{rel}","templated":true}]}}