{"id":632,"date":"2012-09-30T16:49:09","date_gmt":"2012-09-30T16:49:09","guid":{"rendered":"http:\/\/dreptroman.ro\/?page_id=632"},"modified":"2025-08-20T08:21:30","modified_gmt":"2025-08-20T05:21:30","slug":"proiect-2011","status":"publish","type":"page","link":"https:\/\/dreptroman.ro\/?page_id=632","title":{"rendered":"Proiect Idei 2011"},"content":{"rendered":"<p><strong>Contract Idei, Cod proiect PN-II-ID-PCE-2011-3-0249 &#8211; nr. contract 174\/2011<\/strong><\/p>\n<p><strong> Finantator CNCS-UEFISCDI<\/strong><\/p>\n<p>(for English translation, please use: <a href=\"http:\/\/translate.google.ro\/#ro\/en\/\">http:\/\/translate.google.ro\/#ro\/en\/<\/a>)<\/p>\n<p>&nbsp;<\/p>\n<p>&nbsp;<\/p>\n<p>&#8211;\u00a0<b>tema<\/b>: RELEVAN\u0162A EVOLU\u0162IEI CONCEPTULUI DE FAMILIE ASUPRA ORDINII SUCCESORALE \u00ceN MO\u015eTENIREA LEGAL\u0102 \u2013 INVESTIGA\u0162IE SOCIO-JURIDIC\u0102, RELIGIOAS\u0102 \u015eI FILOSOFIC\u0102<\/p>\n<p>&nbsp;<\/p>\n<p>&#8211;\u00a0<strong>rezumat<\/strong>:\u00a0Proiectul porne\u015fte de la o dubl\u0103 constatare: c\u0103 legisla\u0163ia civil\u0103 din Rom\u00e2nia st\u0103 \u00eenc\u0103 pe bazele puse \u00een secolul XIX \u015fi c\u0103 schimb\u0103rile intervenite \u00een societatea secolului XX au schimbat percep\u0163ia asupra institu\u0163iei familiei \u015fi mo\u015ftenirii legale.<\/p>\n<p>Observ\u00e2nd inten\u0163ia ferm\u0103 a Ministerului Justi\u0163iei de a opera o ampl\u0103 reform\u0103 legislativ\u0103 prin Noul Cod civil promulgat \u00een 2009, ne apare ca necesar\u0103 o evaluare aprofundat\u0103 a identit\u0103\u0163ii familiei \u015fi a rela\u0163iilor dintre membrii care o compun. Aceasta se va face \u0163in\u00e2nd seama de realitatea istoric\u0103 a \u00eemprumuturilor legislative realizate \u00een secolul XIX pe filiera influen\u0163ei franceze iar \u00een secolul XX sub presiune sovietic\u0103.<\/p>\n<p>Proiectul va investiga astfel evolu\u0163ia dreptului patrimonial al familiei, studiind cu prioritate practica. Constat\u0103rile de ordin juridic vor fi dublate \u015fi concluziile validate prin analiza sociologic\u0103, a ideilor filosofice implicate \u015fi a chestiunilor \u0163in\u00e2nd de influen\u0163a religiei. Cu aceste instrumente, vom determina ce eficien\u0163\u0103 a avut o legisla\u0163ie \u00een mare parte \u00eemprumutat\u0103 asupra mentalit\u0103\u0163ilor \u015fi realit\u0103\u0163ilor din societatea rom\u00e2neasc\u0103; vom evalua percep\u0163ia actual\u0103 a institu\u0163iei familiei, cu o privire special\u0103 asupra felului \u00een care schimb\u0103rile de dup\u0103 1989 au afectat-o.<\/p>\n<p>Obiectivul final al cercet\u0103rii este str\u00e2ngerea unui portofoliu de concluzii pe baza c\u0103rora s\u0103 putem aprecia calitatea r\u0103spunsului propus de noua codificare civil\u0103, ce ar trebui s\u0103 ateste realitatea specific\u0103 rom\u00e2neasc\u0103 \u00een Uniunea European\u0103.<\/p>\n<p>&nbsp;<\/p>\n<p>&#8211; <strong>rezultate preconizate<\/strong>:\u00a0Opt studii publicate \u00een reviste indexate BDI \u0219i dou\u0103 \u00een publica\u021bii indexate ISI. Participarea la trei conferin\u021be interna\u021bionale \u0219i dou\u0103 na\u021bionale. Organizarea la Cluj-Napoca a unui colocviu interna\u021bional pentru profesori \u0219i studen\u021bi pe tema actualit\u0103\u021bilor \u0219i perspectivelor \u00een drept patrimonial al familiei. Organizarea la Cluj-Napoca a unei zile de formare profesional\u0103 pentru practicieni, pe drept patrimonial al familiei, \u00een colaborare cu UNNPR. Publicarea unui volum concluziv al cercet\u0103rilor intreprinse.<\/p>\n<p>&nbsp;<\/p>\n<p>&#8211;\u00a0<b>echipa<\/b>: Mircea Dan Bob (director), Ioan Chiril\u0103, Emese Florian, Paul Vasilescu (cercet\u0103tori\u00a0seniori), \u00a0Alina Oprea (cercet\u0103tor\u00a0doctorand), Irina Bardoczi (masterand)<\/p>\n<p>&nbsp;<\/p>\n<p>&#8211; <strong>rapoarte de\u00a0<\/strong><b>activitate:<\/b><\/p>\n<p><span style=\"text-decoration: underline;\"><strong>2011<\/strong><\/span>: \u00a0<a href=\"https:\/\/dreptroman.ro\/wp-content\/uploads\/2016\/12\/Raport_2011.pdf\">raport_2011<\/a><\/p>\n<p><span style=\"text-decoration: underline;\"><strong>2012<\/strong><\/span>: \u00a0<a href=\"https:\/\/dreptroman.ro\/wp-content\/uploads\/2016\/12\/RAPORT_2012.pdf\">raport_2012<\/a><\/p>\n<p><span style=\"text-decoration: underline;\"><strong>2013<\/strong><\/span>: \u00a0<a href=\"https:\/\/dreptroman.ro\/wp-content\/uploads\/2016\/12\/RAPORT_2013.pdf\">raport_2013<\/a><\/p>\n<p><span style=\"text-decoration: underline;\"><strong>2014<\/strong><\/span>: \u00a0<a href=\"https:\/\/dreptroman.ro\/wp-content\/uploads\/2016\/12\/RAPORT_2014.pdf\">raport_2014<\/a><\/p>\n<p><span style=\"text-decoration: underline;\"><strong>2015<\/strong><\/span>: \u00a0<a href=\"https:\/\/dreptroman.ro\/wp-content\/uploads\/2016\/12\/RAPORT_2015.pdf\">raport_2015<\/a><\/p>\n<p><strong><span style=\"text-decoration: underline;\">2016<\/span><\/strong>: Raportul \u0219tiin\u021bific\u00a0sintetic este accesibil aici:\u00a0<a href=\"https:\/\/dreptroman.ro\/wp-content\/uploads\/2016\/12\/RAPORT-2011-2016-BOB.pdf\">raport-2011-2016-bob<\/a><\/p>\n<p>&nbsp;<\/p>\n<p>&#8211;\u00a0<strong>lista\u00a0publica\u021biilor\u00a0rezultate din proiectul de cercetare<\/strong>:<\/p>\n<p>1. Mircea Dan Bob,\u00a0<i>Rezerva succesoral\u0103<\/i>\u00a0(nr. 4),\u00a0\u00een\u00a0<a href=\"http:\/\/studia.law.ubbcluj.ro\/articol\/476\" target=\"_blank\" rel=\"noopener\"><i>Propter veteris iuris imitationem (II): nou \u0219i\u00a0vechi\u00a0\u00een\u00a0materie succesoral\u0103\u00a0\u00een\u00a0noul cod civil<\/i><\/a>,\u00a0\u00een\u00a0Studia-Iurisprudentia 4\/2011<\/p>\n<p>2. Ioan Chiril\u0103,\u00a0<a href=\"http:\/\/studia.law.ubbcluj.ro\/articol\/496\" target=\"_blank\" rel=\"noopener\"><i>C\u0103s\u0103toria\u00a0\u0219i\u00a0elementele de drept\u00a0succesoral\u00a0\u00een\u00a0legisla\u021bia\u00a0bisericeasc\u0103<\/i><\/a>\u00a0,\u00a0\u00een\u00a0Studia-Iurisprudentia 2\/2012<\/p>\n<p>3. Mircea Dan Bob,\u00a0<i>Clasele de\u00a0mo\u0219tenitori: ce valoare mai are rudenia de\u00a0s\u00e2nge?<\/i>,\u00a0\u00een\u00a0<a href=\"http:\/\/www.universuljuridic.ro\/Mircea-Dan-BOB-(BOCSAN)\/probleme-de-mosteniri-in-vechiul-si-in-noul-cod-civil.html\" target=\"_blank\" rel=\"noopener\"><i>Probleme de\u00a0mo\u0219teniri\u00a0\u00een\u00a0vechiul\u00a0\u0219i\u00a0\u00een\u00a0noul cod civil<\/i><\/a>, Universul juridic,\u00a0Bucure\u0219ti, 2012, p. 45-55<\/p>\n<p>4. Emese Florian,\u00a0<a href=\"http:\/\/studia.law.ubbcluj.ro\/articol\/515\" target=\"_blank\" rel=\"noopener\"><i>Evolu\u021bia\u00a0reglement\u0103rilor privind\u00a0rela\u021biile\u00a0de la familie: de la familia autoritar\u0103, la familia asociativ\u0103<\/i><\/a>,\u00a0\u00een\u00a0Studia-Iurisprudentia 4\/2012<\/p>\n<p>5. Alina Oprea,\u00a0<a href=\"http:\/\/studia.law.ubbcluj.ro\/articol\/522\" target=\"_blank\" rel=\"noopener\"><i>Despre\u00a0recunoa\u0219terea\u00a0statutului matrimonial\u00a0dob\u00e2ndit\u00a0\u00een\u00a0str\u0103in\u0103tate\u00a0\u0219i\u00a0protec\u021bia\u00a0european\u0103\u00a0a dreptului la via\u021b\u0103\u00a0familial\u0103<\/i><\/a>, \u00een\u00a0Studia-Iurisprudentia 4\/2012<\/p>\n<p>6. Paul Vasilescu,\u00a0<a href=\"http:\/\/studia.law.ubbcluj.ro\/articol\/525\" target=\"_blank\" rel=\"noopener\"><i>Tradi\u021bia\u00a0irosit\u0103: regimurile matrimoniale din vechiul cod civil<\/i><\/a>,\u00a0\u00een\u00a0Studia-Iurisprudentia 4\/2012<\/p>\n<p>7. Irina Bardoczi,\u00a0<a href=\"http:\/\/studia.law.ubbcluj.ro\/articol\/530\" target=\"_blank\" rel=\"noopener\">Marcheaz\u0103 codul civil din 1864 o evolu\u0163ie \u00een material drepturilor succesorale <i>ab intestate<\/i> ale so\u0163ului supravie\u0163uitor?<\/a>,\u00a0\u00een\u00a0Studia-Iurisprudentia 1\/2013<\/p>\n<p>8. Mircea Dan Bob,\u00a0<em>Drepturile succesorale ale so\u021bului supravie\u021buitor, o solu\u021bie de continuitate?<\/em>,\u00a0\u00een\u00a0<em>Continuitate\u00a0\u0219i\u00a0discontinuitate\u00a0\u00een\u00a0dreptul rom\u00e2n<\/em>, volumul colectiv al Sesiunii anuale de\u00a0comunic\u0103ri\u00a0\u0219tiin\u021bifice\u00a0a Institutului de\u00a0cercet\u0103ri\u00a0juridice &#8222;Acad. Andrei\u00a0R\u0103dulescu&#8221; din cadrul Academiei Rom\u00e2ne, Editura Academiei Rom\u00e2ne,\u00a0Bucure\u0219ti, 2013, ISBN CD 978-606-673-091-4, p. 86-96<\/p>\n<p>9. Cristina Nicolescu,\u00a0<em><a href=\"http:\/\/studia.law.ubbcluj.ro\/articol\/546\" target=\"_blank\" rel=\"noopener\">Corr\u00e9lations entre les r\u00e8gles sp\u00e9cifiques des r\u00e9gimes matrimoniaux et ceux de droit successoral dans le syst\u00e8me du code civil roumain<\/a><\/em>,\u00a0\u00een\u00a0Studia-Iurisprudentia 2\/2013<\/p>\n<p>10. Paul Vasilescu,<a href=\"http:\/\/studia.law.ubbcluj.ro\/articol\/547\" target=\"_blank\" rel=\"noopener\">\u00a0<em>Le poisson mort au vivier: la s\u00e9paration entre \u00e9poux<\/em><\/a>,\u00a0\u00een\u00a0Studia-Iurisprudentia 2\/2013<\/p>\n<p>11. Jean-Louis Renchon,<em>\u00a0<a href=\"http:\/\/studia.law.ubbcluj.ro\/articol\/548\" target=\"_blank\" rel=\"noopener\">Quelle vision de la famille en droit belge des successions<\/a>\u00a0?<\/em>,\u00a0\u00een\u00a0Studia-Iurisprudentia 2\/2013<\/p>\n<p>12. Veronica Dobozi,<a href=\"http:\/\/studia.law.ubbcluj.ro\/articol\/549\" target=\"_blank\" rel=\"noopener\">\u00a0<em>Les m\u00e9thodes modernes de procr\u00e9ation et leur influences sur le code civil<\/em><\/a>,\u00a0\u00een\u00a0Studia-Iurisprudentia 2\/2013<\/p>\n<p>13. Brigitte Lefebvre,\u00a0<em><a href=\"http:\/\/studia.law.ubbcluj.ro\/articol\/550\" target=\"_blank\" rel=\"noopener\">Le conjoint survivant: cr\u00e9ancier, h\u00e9ritier ou \u00e9tranger \u00e0\u00a0la succession en droit qu\u00e9b\u00e9cois?<\/a><\/em><b><\/b>,\u00a0\u00een\u00a0Studia-Iurisprudentia 2\/2013<\/p>\n<p>14. Mircea Dan Bob,\u00a0<a href=\"http:\/\/studia.law.ubbcluj.ro\/articol\/551\" target=\"_blank\" rel=\"noopener\"><em>Qu\u2019est-ce qu\u2019on peut faire pour contenter le conjoint survivant\u00a0?<\/em><\/a>,\u00a0\u00een\u00a0Studia-Iurisprudentia 2\/2013<\/p>\n<p>15. Pierre Becqu\u00e9,\u00a0<a href=\"http:\/\/studia.law.ubbcluj.ro\/articol\/552\" target=\"_blank\" rel=\"noopener\"><em>L\u2019\u00e9volution de la notion de famille et ses cons\u00e9quences en mati\u00e8re successorale en droit fran\u00e7ais<\/em><\/a>,\u00a0\u00een\u00a0Studia-Iurisprudentia 2\/2013<\/p>\n<p>16. Emese Florian,\u00a0<a href=\"http:\/\/studia.law.ubbcluj.ro\/articol\/555\" target=\"_blank\" rel=\"noopener\"><em>H\u00e9ritiers et h\u00e9r\u00e9sies juridiques<\/em><\/a>,\u00a0\u00een\u00a0Studia-Iurisprudentia 2\/2013<\/p>\n<p>17. Alina Oprea,\u00a0<a href=\"http:\/\/studia.law.ubbcluj.ro\/articol\/554\"><em>Probl\u00e8mes de conflits de lois en mati\u00e8re d\u2019\u00e9tablissement de filiation<\/em><\/a>,\u00a0\u00een\u00a0Studia-Iurisprudentia 2\/2013<\/p>\n<p>18. Veaceslav Pinzari,\u00a0<a href=\"http:\/\/studia.law.ubbcluj.ro\/articol\/558\" target=\"_blank\" rel=\"noopener\"><i>Famille et r\u00e9serve successorale dans le code civil moldave, dix ans apr\u00e8s son entr\u00e9e en vigueur<\/i><\/a>,\u00a0\u00een\u00a0Studia-Iurisprudentia 2\/2013<\/p>\n<p>19. Clautaire Agossou, <a href=\"http:\/\/studia.law.ubbcluj.ro\/articol\/558\" target=\"_blank\" rel=\"noopener\"><em>Les transformations du droit de la famille et les pratiques contractuelles d\u2019affaires entre\u00a0\u00e9poux\u00a0dans l\u2019espace OHADA<\/em><\/a>,\u00a0\u00een\u00a0Studia-Iurisprudentia 2\/2013<\/p>\n<p>22. Maturin Petsoko,\u00a0<a href=\"http:\/\/studia.law.ubbcluj.ro\/articol\/556\" target=\"_blank\" rel=\"noopener\"><em>Les d\u00e9fis du droit camerounais contemporain de la famille\u00a0: propositions pour un droit adapt\u00e9 aux r\u00e9alit\u00e9s et aux aspirations de notre temps<\/em><\/a>,\u00a0\u00een\u00a0Studia-Iurisprudentia 2\/2013<\/p>\n<p>23. Doina Dunca, <em><a href=\"http:\/\/studia.law.ubbcluj.ro\/articol\/559\" target=\"_blank\" rel=\"noopener\">Actes cens\u00e9s assurer le confort patrimonial de la famille. Questions de pratique notariale<\/a><\/em>, \u00een\u00a0Studia-Iurisprudentia 2\/2013<\/p>\n<p>24. Mircea Dan Bob,\u00a0\u201eExist\u0103 libertate contractual\u0103 \u00een materie de conven\u0163ii matrimoniale?\u201d, in Irina Sferdian, Florin Mangu (coord.), \u201eLibertatea contractual\u0103. Limite legale \u015fi garan\u0163ii procesuale\u201d, Universul juridic, 2013, pp. 62-67<\/p>\n<p><span style=\"font-size: 13px;\">25.\u00a0Mircea-Dan Bob,\u00a0<\/span><em style=\"font-size: 13px;\">Cotitatea disponibila speciala a\u00a0so\u021bului\u00a0supravie\u021buitor\u00a0\u00een\u00a0concurs cu copiii dintr-o\u00a0c\u0103s\u0103torie\u00a0<em>anterioar\u0103<\/em><\/em><span style=\"font-size: 13px;\">, \u00een Revista de \u0219tiin\u021be juridice nr. 1\/2013, pp. 60-67<\/span><\/p>\n<p>26.\u00a0Mircea Dan Bob (coord.),\u00a0<em>Evolu\u021bia\u00a0no\u021biunii\u00a0de familiei\u00a0\u0219i\u00a0influen<em>\u021b<\/em>a acesteia asupra ordinii succesorale legale<\/em>, volum colectiv con\u021bin\u00e2nd lucr\u0103rile colocviului international bilingv (franco-rom\u00e2n), Bucure\u0219ti, 19-20 aprilie 2013, Ed. Monitorul oficial, Bucure\u0219ti, 2013, 304 pp.<\/p>\n<p>27. Alina Oprea,\u00a0<a href=\"http:\/\/studia.law.ubbcluj.ro\/articol\/582\" target=\"_blank\" rel=\"noopener\"><em>Excep\u021bia\u00a0de ordine public<em>\u0103<\/em> \u00een\u00a0dreptul interna<em>\u021bi<\/em>onal privat\u00a0\u0219i\u00a0rezerva succesoral\u0103<\/em><\/a>,\u00a0\u00een\u00a0Studia-Iurisprudentia 4\/2013<\/p>\n<p>28.\u00a0Mircea Dan Bob, \u201eCe efect produce scurgerea termenului de op\u0163iune succesoral\u0103 fa\u0163\u0103 de un succesibil inactiv?\u201d, in \u201ePandectele Rom\u00e2ne\u201d nr. 10\/2013, pp. 49-55<\/p>\n<p>29. Ioan Chiril\u0103,\u00a0<a href=\"http:\/\/jsri.ro\/ojs\/index.php\/jsri\/article\/view\/726\" target=\"_blank\" rel=\"noopener\"><em>The struggle for recognition or the victorious slave\u00a0<\/em>(<em>Incursion in the sphere of legal and theological definition of the family)<\/em><\/a>,\u00a0\u00een Journal for the Study of Religions and Ideologies nr. 13 (37) 2014<\/p>\n<p><b>\u00a0<\/b>30.\u00a0\u201eWhat happens if a successor neither accepts nor renounces? The former Romanian Civil code reloaded\u201d, \u00een \u00abNational Conference &#8222;The New Romanian Civil Code, two years after its entry into force. Theoretical and practical problems\u00bb, October, 9, 2013, Bucharest (Romania)&#8221;, volum electronic indexat ISI, ISBN 978-88-7587-687-6, Medimond S.r.l. &#8211; Monduzzi Editore International Proceedings Division &#8211;\u00a0Bologna, 2014, pp. 83-88; <a href=\"http:\/\/www.medimond.com\/proceedings\/detail.asp?id=20131009\">http:\/\/www.medimond.com\/proceedings\/detail.asp?id=20131009<\/a><\/p>\n<p>31.\u00a0\u201eThe hereditary reserve in Romania: lessons from the past and prospects for the future \/ La r\u00e9serve h\u00e9r\u00e9ditaire roumaine: enseignements du pass\u00e9 et perspectives du futur\u201d, in \u201eRevue de droit Henri Capitant\u201d nr. 7\/31 d\u00e9c. 2014, pp. 171-200 \u015fi online la adresa <a href=\"http:\/\/henricapitantlawreview.org\/article.php?lg=en&amp;id=517\">http:\/\/henricapitantlawreview.org\/article.php?lg=en&amp;id=517<\/a><\/p>\n<p>32.\u00a0\u201eLes avatars de l\u2019option successorale dans le nouveau code civil roumain: quelle sera la position du successible inactif \u00e0 la fin du d\u00e9lai d\u2019option?\u201d, in \u201eLe nouveau Code civil roumain: vu de l\u2019int\u00e9rieur \u2013 vu de l\u2019ext\u00e9rieur \u2013 vu de l\u2019exterieur\u201d (coord. F.A. Baias, R. Dinc\u0103), Editura Universit\u0103\u0163ii Bucure\u015fti, 2014, pp. 189-198<\/p>\n<p>33. &#8222;Creditori vs. debitori &#8211; avatarurile romane ale credit\u0103rii&#8221;, \u00een vol.\u00a0&#8222;Creditori vs. debitori &#8211; perspectiva\u00a0Hexagonului&#8221;, Universul juridic, Bucure\u0219ti, 2015, pp. 11-23.<\/p>\n<p>34. \u201eInfluen\u0163e ale filosofiei stoice asupra dreptului roman clasic\u201d, in Raluca Bercea (coord.), \u201eCompara\u0163ia \u00een \u015ftiintele sociale. Mizele interdisciplinarit\u0103\u0163ii\u201d, Universul Juridic,\u00a0Bucure\u015fti 2016, pp. 133-147<\/p>\n<p>35. Mircea Dan Bob (coord.), &#8222;Familie \u0219i succesiune legal\u0103 \u00een Romania&#8221;, Universul juridic, Bucure\u0219ti, 2016, 448 p. ISBN: 978-606-673-960-3<\/p>\n<p>36. Mircea Dan BOB, &#8222;L&#8217;art. 684 de l&#8217;ancien code civil roumain, <span lang=\"FR-CH\">ou le destin (finalement b\u00e9n\u00e9fique) d\u2019un exp\u00e9dient l\u00e9gislatif<\/span>&#8222;, in M<span lang=\"FR-CH\"><a href=\"https:\/\/www.lgdj.fr\/melanges-en-l-honneur-du-professeur-michel-grimaldi-9782856233641.html\">\u00e9langes Grimaldi, Defr\u00e9nois, Paris, 2020<\/a>, p. 115-127<\/span><\/p>\n<p>37. Mircea Dan Bob, &#8222;<a href=\"https:\/\/studia.law.ubbcluj.ro\/articol\/708\">Family and inheritance in Romania &#8211; a conclusion<\/a>&#8222;, in\u00a0Studia-Iurisprudentia 1\/2017<\/p>\n<p>38. M.D. Bob (coord.), <a href=\"https:\/\/www.ujmag.ro\/drept\/drept-civil\/family-and-inheritance-in-romania\/?ref=pagina_https:\/\/www.ujmag.ro\/autori\/bob-mircea-dan\" target=\"_blank\" rel=\"noopener\">\u201eFamily and inheritance in Romania\u201d<\/a>, Universul juridic, Bucure\u015fti, 2017, 508 p. ISBN<strong>:<\/strong> 978-606-673-971-9<\/p>\n","protected":false},"excerpt":{"rendered":"<p>Contract Idei, Cod proiect PN-II-ID-PCE-2011-3-0249 &#8211; nr. contract 174\/2011 Finantator CNCS-UEFISCDI (for English translation, please use: http:\/\/translate.google.ro\/#ro\/en\/) &nbsp; &nbsp; &#8211;\u00a0tema: RELEVAN\u0162A EVOLU\u0162IEI CONCEPTULUI DE FAMILIE ASUPRA ORDINII SUCCESORALE \u00ceN MO\u015eTENIREA LEGAL\u0102 \u2013 INVESTIGA\u0162IE SOCIO-JURIDIC\u0102, RELIGIOAS\u0102 \u015eI FILOSOFIC\u0102 &nbsp; &#8211;\u00a0rezumat:\u00a0Proiectul porne\u015fte de la o dubl\u0103 constatare: c\u0103 legisla\u0163ia civil\u0103 din Rom\u00e2nia st\u0103 \u00eenc\u0103 pe bazele puse [&hellip;]<\/p>\n","protected":false},"author":1,"featured_media":0,"parent":229,"menu_order":3,"comment_status":"open","ping_status":"open","template":"","meta":{"_bbp_topic_count":0,"_bbp_reply_count":0,"_bbp_total_topic_count":0,"_bbp_total_reply_count":0,"_bbp_voice_count":0,"_bbp_anonymous_reply_count":0,"_bbp_topic_count_hidden":0,"_bbp_reply_count_hidden":0,"_bbp_forum_subforum_count":0,"footnotes":""},"class_list":["post-632","page","type-page","status-publish","hentry"],"_links":{"self":[{"href":"https:\/\/dreptroman.ro\/index.php?rest_route=\/wp\/v2\/pages\/632","targetHints":{"allow":["GET"]}}],"collection":[{"href":"https:\/\/dreptroman.ro\/index.php?rest_route=\/wp\/v2\/pages"}],"about":[{"href":"https:\/\/dreptroman.ro\/index.php?rest_route=\/wp\/v2\/types\/page"}],"author":[{"embeddable":true,"href":"https:\/\/dreptroman.ro\/index.php?rest_route=\/wp\/v2\/users\/1"}],"replies":[{"embeddable":true,"href":"https:\/\/dreptroman.ro\/index.php?rest_route=%2Fwp%2Fv2%2Fcomments&post=632"}],"version-history":[{"count":106,"href":"https:\/\/dreptroman.ro\/index.php?rest_route=\/wp\/v2\/pages\/632\/revisions"}],"predecessor-version":[{"id":4284,"href":"https:\/\/dreptroman.ro\/index.php?rest_route=\/wp\/v2\/pages\/632\/revisions\/4284"}],"up":[{"embeddable":true,"href":"https:\/\/dreptroman.ro\/index.php?rest_route=\/wp\/v2\/pages\/229"}],"wp:attachment":[{"href":"https:\/\/dreptroman.ro\/index.php?rest_route=%2Fwp%2Fv2%2Fmedia&parent=632"}],"curies":[{"name":"wp","href":"https:\/\/api.w.org\/{rel}","templated":true}]}}