{"id":59,"date":"2010-11-17T11:30:36","date_gmt":"2010-11-17T11:30:36","guid":{"rendered":"http:\/\/dreptroman.ro\/?page_id=59"},"modified":"2026-01-13T18:41:33","modified_gmt":"2026-01-13T15:41:33","slug":"puncte","status":"publish","type":"page","link":"https:\/\/dreptroman.ro\/?page_id=59","title":{"rendered":"Puncte"},"content":{"rendered":"<p>Pentru a cuantifica efortul depus pe parcursul\u00a0\u00eentregului\u00a0semestru, <strong>profesorul la curs\u00a0\u0219i\u00a0asisten\u021bii\u00a0la seminar pot acorda puncte<\/strong>. Acestea se pot ob\u021bine prin:\u00a0<\/p>\n<p>&#8211; participare activ\u0103 la cursuri\/seminare (max. 1 punct);<\/p>\n<p>&#8211;\u00a0r\u0103spunsuri\u00a0la\u00a0\u00eentreb\u0103rile\u00a0inopinate, care se pot adresa la curs\u00a0\u0219i\u00a0pentru care se\u00a0anun\u021b\u0103\u00a0pe loc acordarea unui punct (c\u00e2te\u00a01 punct \/\u00a0\u00eentrebare).\u00a0Punctele\u00a0ob\u021binute la cursuri sunt valabile pentru un an universitar\u00a0\u0219i\u00a0se\u00a0adaug\u0103\u00a0la nota primit\u0103\u00a0la examen, indiferent de cuantumul notei.<\/p>\n<p>Avramescu Maria Gabriela &#8211; 1 p. (r\u0103spuns la curs)<\/p>\n<p>Ciobotaru-Draghin Antonia-Maria 105 &#8211; 1 p. (r\u0103spuns la curs)<\/p>\n<p>Colcer Ariana Antonia 105 &#8211; 1 p. (r\u0103spuns la curs)<\/p>\n<p>Dumitrescu Giulia-Leea 106 &#8211; 1 p. (r\u0103spuns la curs)<\/p>\n<p>Fiodorov Sanda 107 &#8211; 1 p. (r\u0103spuns la curs)<\/p>\n<p>Forr\u00f3 Borb\u00e1la 107 &#8211; 1 p. (r\u0103spuns la curs)\u00a0<\/p>\n<p>Guia\u0219 Lorena-\u0218tefania 108 &#8211; 1 p. (r\u0103spuns la curs)<\/p>\n<p>Inceu \u0218tefan-Andrei &#8211; 2 p. (r\u0103spuns la curs)<\/p>\n<p>Laczk\u00f3-D\u00e1vid G\u00e9za 110 &#8211; 1 p. (r\u0103spuns la curs)<\/p>\n<p>Vladimir Manea 111 &#8211; 1 p. (r\u0103spuns la curs)<\/p>\n<p>Nap Sonia Alesia 113 &#8211; 1 p. (r\u0103spuns la curs)<\/p>\n<p>Larisa One\u021b 114 \u00a0&#8211; 1 p. (r\u0103spuns la curs)<\/p>\n<p>Oprea Tania 114 &#8211; 1 p. (r\u0103spuns la curs)<\/p>\n<p>Popa Natalia 115 &#8211; 1 p. (r\u0103spuns la curs)<\/p>\n<p>Sabou Claudiu Sebastian 117 &#8211; 1 p. (r\u0103spuns la curs)<\/p>\n<p>Sas Daria Giulia grupa &#8211; 1 p. (r\u0103spuns la curs)<\/p>\n<p>Stupar Amalia-Bianca &#8211; 1 p. (r\u0103spuns la curs)<\/p>\n<p>\u021aopan Ioana-Veronica &#8211; 1 p. (r\u0103spuns la curs)\u00a0<\/p>\n<p>V\u0103caru Maria 120 &#8211; 1 p. (r\u0103spuns la curs)<\/p>\n\n\n<p><\/p>\n","protected":false},"excerpt":{"rendered":"<p>Pentru a cuantifica efortul depus pe parcursul\u00a0\u00eentregului\u00a0semestru, profesorul la curs\u00a0\u0219i\u00a0asisten\u021bii\u00a0la seminar pot acorda puncte. Acestea se pot ob\u021bine prin:\u00a0 &#8211; participare activ\u0103 la cursuri\/seminare (max. 1 punct); &#8211;\u00a0r\u0103spunsuri\u00a0la\u00a0\u00eentreb\u0103rile\u00a0inopinate, care se pot adresa la curs\u00a0\u0219i\u00a0pentru care se\u00a0anun\u021b\u0103\u00a0pe loc acordarea unui punct (c\u00e2te\u00a01 punct \/\u00a0\u00eentrebare).\u00a0Punctele\u00a0ob\u021binute la cursuri sunt valabile pentru un an universitar\u00a0\u0219i\u00a0se\u00a0adaug\u0103\u00a0la nota primit\u0103\u00a0la examen, indiferent [&hellip;]<\/p>\n","protected":false},"author":1,"featured_media":0,"parent":538,"menu_order":5,"comment_status":"open","ping_status":"closed","template":"","meta":{"_bbp_topic_count":0,"_bbp_reply_count":0,"_bbp_total_topic_count":0,"_bbp_total_reply_count":0,"_bbp_voice_count":0,"_bbp_anonymous_reply_count":0,"_bbp_topic_count_hidden":0,"_bbp_reply_count_hidden":0,"_bbp_forum_subforum_count":0,"footnotes":""},"class_list":["post-59","page","type-page","status-publish","hentry"],"_links":{"self":[{"href":"https:\/\/dreptroman.ro\/index.php?rest_route=\/wp\/v2\/pages\/59","targetHints":{"allow":["GET"]}}],"collection":[{"href":"https:\/\/dreptroman.ro\/index.php?rest_route=\/wp\/v2\/pages"}],"about":[{"href":"https:\/\/dreptroman.ro\/index.php?rest_route=\/wp\/v2\/types\/page"}],"author":[{"embeddable":true,"href":"https:\/\/dreptroman.ro\/index.php?rest_route=\/wp\/v2\/users\/1"}],"replies":[{"embeddable":true,"href":"https:\/\/dreptroman.ro\/index.php?rest_route=%2Fwp%2Fv2%2Fcomments&post=59"}],"version-history":[{"count":577,"href":"https:\/\/dreptroman.ro\/index.php?rest_route=\/wp\/v2\/pages\/59\/revisions"}],"predecessor-version":[{"id":4372,"href":"https:\/\/dreptroman.ro\/index.php?rest_route=\/wp\/v2\/pages\/59\/revisions\/4372"}],"up":[{"embeddable":true,"href":"https:\/\/dreptroman.ro\/index.php?rest_route=\/wp\/v2\/pages\/538"}],"wp:attachment":[{"href":"https:\/\/dreptroman.ro\/index.php?rest_route=%2Fwp%2Fv2%2Fmedia&parent=59"}],"curies":[{"name":"wp","href":"https:\/\/api.w.org\/{rel}","templated":true}]}}