{"id":538,"date":"2012-09-28T17:39:15","date_gmt":"2012-09-28T17:39:15","guid":{"rendered":"http:\/\/dreptroman.ro\/?page_id=538"},"modified":"2023-11-12T20:43:31","modified_gmt":"2023-11-12T17:43:31","slug":"drept-roman","status":"publish","type":"page","link":"https:\/\/dreptroman.ro\/?page_id=538","title":{"rendered":"Drept privat roman"},"content":{"rendered":"<h3><\/h3>\n<h3><em>Roman Private Law, as taught and studied at BBU Cluj-Napoca<\/em><\/h3>\n<p><strong>Descriere<\/strong>: materia este introducerea necesar\u0103 \u0219i prealabil\u0103 la studiul dreptului privat \u00een general, al celui civil \u00een special.<\/p>\n<p><strong>Date\u00a0esen\u021biale<\/strong>:<\/p>\n<p>Titlul materiei: Drept Roman<\/p>\n<p>Cod: DD 1103<\/p>\n<p>Tip: fundamental\u0103, obligatorie<\/p>\n<p>Forma de verificare: examen<\/p>\n<p>Durata studiilor: semestrul I din anul I<\/p>\n<p>Num\u0103r\u00a0de ore: 3 ore de curs\u00a0\u0219i\u00a01 ora de seminar\u00a0s\u0103pt\u0103m\u00e2nal<\/p>\n","protected":false},"excerpt":{"rendered":"<p>Roman Private Law, as taught and studied at BBU Cluj-Napoca Descriere: materia este introducerea necesar\u0103 \u0219i prealabil\u0103 la studiul dreptului privat \u00een general, al celui civil \u00een special. Date\u00a0esen\u021biale: Titlul materiei: Drept Roman Cod: DD 1103 Tip: fundamental\u0103, obligatorie Forma de verificare: examen Durata studiilor: semestrul I din anul I Num\u0103r\u00a0de ore: 3 ore de [&hellip;]<\/p>\n","protected":false},"author":1,"featured_media":0,"parent":0,"menu_order":1,"comment_status":"open","ping_status":"open","template":"","meta":{"_bbp_topic_count":0,"_bbp_reply_count":0,"_bbp_total_topic_count":0,"_bbp_total_reply_count":0,"_bbp_voice_count":0,"_bbp_anonymous_reply_count":0,"_bbp_topic_count_hidden":0,"_bbp_reply_count_hidden":0,"_bbp_forum_subforum_count":0,"footnotes":""},"class_list":["post-538","page","type-page","status-publish","hentry"],"_links":{"self":[{"href":"https:\/\/dreptroman.ro\/index.php?rest_route=\/wp\/v2\/pages\/538","targetHints":{"allow":["GET"]}}],"collection":[{"href":"https:\/\/dreptroman.ro\/index.php?rest_route=\/wp\/v2\/pages"}],"about":[{"href":"https:\/\/dreptroman.ro\/index.php?rest_route=\/wp\/v2\/types\/page"}],"author":[{"embeddable":true,"href":"https:\/\/dreptroman.ro\/index.php?rest_route=\/wp\/v2\/users\/1"}],"replies":[{"embeddable":true,"href":"https:\/\/dreptroman.ro\/index.php?rest_route=%2Fwp%2Fv2%2Fcomments&post=538"}],"version-history":[{"count":35,"href":"https:\/\/dreptroman.ro\/index.php?rest_route=\/wp\/v2\/pages\/538\/revisions"}],"predecessor-version":[{"id":3858,"href":"https:\/\/dreptroman.ro\/index.php?rest_route=\/wp\/v2\/pages\/538\/revisions\/3858"}],"wp:attachment":[{"href":"https:\/\/dreptroman.ro\/index.php?rest_route=%2Fwp%2Fv2%2Fmedia&parent=538"}],"curies":[{"name":"wp","href":"https:\/\/api.w.org\/{rel}","templated":true}]}}