{"id":3698,"date":"2023-02-13T10:32:58","date_gmt":"2023-02-13T07:32:58","guid":{"rendered":"http:\/\/dreptroman.ro\/?page_id=3698"},"modified":"2026-04-06T18:14:02","modified_gmt":"2026-04-06T15:14:02","slug":"puncte","status":"publish","type":"page","link":"https:\/\/dreptroman.ro\/?page_id=3698","title":{"rendered":"Puncte"},"content":{"rendered":"\n<p>Puncte ob\u021binute in vederea examenului:<\/p>\n\n\n\n<p><\/p>\n\n\n\n<p>Berar C\u0103t\u0103lina (302) &#8211; 1 pct. (\u00eentrebare la curs)<\/p>\n\n\n\n<p><\/p>\n\n\n\n<p><\/p>\n","protected":false},"excerpt":{"rendered":"<p>Puncte ob\u021binute in vederea examenului: Berar C\u0103t\u0103lina (302) &#8211; 1 pct. (\u00eentrebare la curs)<\/p>\n","protected":false},"author":1,"featured_media":0,"parent":2142,"menu_order":5,"comment_status":"closed","ping_status":"closed","template":"","meta":{"_bbp_topic_count":0,"_bbp_reply_count":0,"_bbp_total_topic_count":0,"_bbp_total_reply_count":0,"_bbp_voice_count":0,"_bbp_anonymous_reply_count":0,"_bbp_topic_count_hidden":0,"_bbp_reply_count_hidden":0,"_bbp_forum_subforum_count":0,"footnotes":""},"class_list":["post-3698","page","type-page","status-publish","hentry"],"_links":{"self":[{"href":"https:\/\/dreptroman.ro\/index.php?rest_route=\/wp\/v2\/pages\/3698","targetHints":{"allow":["GET"]}}],"collection":[{"href":"https:\/\/dreptroman.ro\/index.php?rest_route=\/wp\/v2\/pages"}],"about":[{"href":"https:\/\/dreptroman.ro\/index.php?rest_route=\/wp\/v2\/types\/page"}],"author":[{"embeddable":true,"href":"https:\/\/dreptroman.ro\/index.php?rest_route=\/wp\/v2\/users\/1"}],"replies":[{"embeddable":true,"href":"https:\/\/dreptroman.ro\/index.php?rest_route=%2Fwp%2Fv2%2Fcomments&post=3698"}],"version-history":[{"count":12,"href":"https:\/\/dreptroman.ro\/index.php?rest_route=\/wp\/v2\/pages\/3698\/revisions"}],"predecessor-version":[{"id":4428,"href":"https:\/\/dreptroman.ro\/index.php?rest_route=\/wp\/v2\/pages\/3698\/revisions\/4428"}],"up":[{"embeddable":true,"href":"https:\/\/dreptroman.ro\/index.php?rest_route=\/wp\/v2\/pages\/2142"}],"wp:attachment":[{"href":"https:\/\/dreptroman.ro\/index.php?rest_route=%2Fwp%2Fv2%2Fmedia&parent=3698"}],"curies":[{"name":"wp","href":"https:\/\/api.w.org\/{rel}","templated":true}]}}