{"id":2958,"date":"2020-05-06T11:01:59","date_gmt":"2020-05-06T08:01:59","guid":{"rendered":"http:\/\/dreptroman.ro\/?page_id=2958"},"modified":"2026-01-14T18:32:46","modified_gmt":"2026-01-14T15:32:46","slug":"lucrare-de-licenta","status":"publish","type":"page","link":"https:\/\/dreptroman.ro\/?page_id=2958","title":{"rendered":"Lucrare de licen\u021b\u0103"},"content":{"rendered":"\n<h2 class=\"wp-block-heading\">Teme posibile pentru Lucrarea de licen\u021b\u0103<\/h2>\n\n\n\n<p><strong>Condi\u021bia<\/strong> esen\u021bial\u0103 pentru \u00eenscrierea la lucrare de licen\u021b\u0103 la Drept privat roman este angajamentul studentului de a preda o prim\u0103 form\u0103 integral finit\u0103 a lucr\u0103rii p\u00e2n\u0103 <strong>cel t\u00e2rziu la data de 1 martie<\/strong> a anului urm\u0103tor (\u00een care se sus\u021bine \u0219i licen\u021ba)<\/p>\n\n\n\n<p><\/p>\n\n\n\n<p><strong>Teme<\/strong> <strong>generale<\/strong> din care se pot alege subiecte pentru lucrarea de licen\u021b\u0103*:<\/p>\n\n\n\n<p>*lista temelor este exemplificativ\u0103, nu limitativ\u0103 <\/p>\n\n\n\n<p>1. Izvoarele dreptului roman \u0219i evolu\u021bia acestora <\/p>\n\n\n\n<p>2. Moduri de st\u0103p\u00e2nire \u0219i utilizare a bunurilor<\/p>\n\n\n\n<p>3. Familia \u0219i statutul membrilor acesteia (rezervat\u0103)<\/p>\n\n\n\n<p>3bis. Autoritatea p\u0103rinteasc\u0103 \u00een Dreptul roman \u0219i situa\u021bia \u00een dreptul actual (rezervat\u0103)<\/p>\n\n\n\n<p>4. Statutul sclavilor (rezervat\u0103)<\/p>\n\n\n\n<p>5. Obliga\u021biile v\u00e2nz\u0103torului<\/p>\n\n\n\n<p>6. Loca\u021biunea &#8211; matrice contractual\u0103 (rezervat\u0103)<\/p>\n\n\n\n<p>6. \u00cemprumutul \u0219i ipostazele acestuia<\/p>\n\n\n\n<p>7. Bun\u0103 credin\u021b\u0103 \u0219i loialitate \u00een materie contractual\u0103<\/p>\n\n\n\n<p>8. R\u0103spunderea aquilian\u0103, baz\u0103 a responsabilit\u0103\u021bii civile moderne<\/p>\n\n\n\n<p>9. Apari\u021bia \u0219i evolu\u021bia testamentului (rezervat\u0103)<\/p>\n\n\n\n<p>10. Rudenie \u0219i voca\u021bie succesoral\u0103 (rezervat\u0103)<\/p>\n\n\n\n<p>11. C\u0103s\u0103toria \u00een dreptul roman (rezervat\u0103)<\/p>\n\n\n\n<p><\/p>\n","protected":false},"excerpt":{"rendered":"<p>Teme posibile pentru Lucrarea de licen\u021b\u0103 Condi\u021bia esen\u021bial\u0103 pentru \u00eenscrierea la lucrare de licen\u021b\u0103 la Drept privat roman este angajamentul studentului de a preda o prim\u0103 form\u0103 integral finit\u0103 a lucr\u0103rii p\u00e2n\u0103 cel t\u00e2rziu la data de 1 martie a anului urm\u0103tor (\u00een care se sus\u021bine \u0219i licen\u021ba) Teme generale din care se pot alege [&hellip;]<\/p>\n","protected":false},"author":1,"featured_media":0,"parent":538,"menu_order":6,"comment_status":"closed","ping_status":"closed","template":"","meta":{"_bbp_topic_count":0,"_bbp_reply_count":0,"_bbp_total_topic_count":0,"_bbp_total_reply_count":0,"_bbp_voice_count":0,"_bbp_anonymous_reply_count":0,"_bbp_topic_count_hidden":0,"_bbp_reply_count_hidden":0,"_bbp_forum_subforum_count":0,"footnotes":""},"class_list":["post-2958","page","type-page","status-publish","hentry"],"_links":{"self":[{"href":"https:\/\/dreptroman.ro\/index.php?rest_route=\/wp\/v2\/pages\/2958","targetHints":{"allow":["GET"]}}],"collection":[{"href":"https:\/\/dreptroman.ro\/index.php?rest_route=\/wp\/v2\/pages"}],"about":[{"href":"https:\/\/dreptroman.ro\/index.php?rest_route=\/wp\/v2\/types\/page"}],"author":[{"embeddable":true,"href":"https:\/\/dreptroman.ro\/index.php?rest_route=\/wp\/v2\/users\/1"}],"replies":[{"embeddable":true,"href":"https:\/\/dreptroman.ro\/index.php?rest_route=%2Fwp%2Fv2%2Fcomments&post=2958"}],"version-history":[{"count":22,"href":"https:\/\/dreptroman.ro\/index.php?rest_route=\/wp\/v2\/pages\/2958\/revisions"}],"predecessor-version":[{"id":4373,"href":"https:\/\/dreptroman.ro\/index.php?rest_route=\/wp\/v2\/pages\/2958\/revisions\/4373"}],"up":[{"embeddable":true,"href":"https:\/\/dreptroman.ro\/index.php?rest_route=\/wp\/v2\/pages\/538"}],"wp:attachment":[{"href":"https:\/\/dreptroman.ro\/index.php?rest_route=%2Fwp%2Fv2%2Fmedia&parent=2958"}],"curies":[{"name":"wp","href":"https:\/\/api.w.org\/{rel}","templated":true}]}}