{"id":2946,"date":"2020-05-06T09:41:38","date_gmt":"2020-05-06T06:41:38","guid":{"rendered":"http:\/\/dreptroman.ro\/?page_id=2946"},"modified":"2026-04-15T09:04:31","modified_gmt":"2026-04-15T06:04:31","slug":"2946-2","status":"publish","type":"page","link":"https:\/\/dreptroman.ro\/?page_id=2946","title":{"rendered":"Lucrare de licen\u021b\u0103"},"content":{"rendered":"\n<h2 class=\"wp-block-heading\">Teme posibile pentru Lucrarea de licen\u021b\u0103<\/h2>\n\n\n\n<p><strong>Condi\u021bie<\/strong> pentru \u00eenscrierea la lucrare de licen\u021b\u0103 la Drept civil &#8211; Succesiuni \u0219i liberalit\u0103\u021bi:<\/p>\n\n\n\n<p>&#8211; angajamentul studentului de a preda o prim\u0103 form\u0103 integral finit\u0103 a lucr\u0103rii p\u00e2n\u0103 <strong>cel t\u00e2rziu la data de<\/strong> <strong>1 martie<\/strong> a anului urm\u0103tor (\u00een care se sus\u021bine \u0219i licen\u021ba)<\/p>\n\n\n\n<p><\/p>\n\n\n\n<p><strong>Teme<\/strong> din care se poate alege: <\/p>\n\n\n\n<p>1. Caracterele transmisiunii succesorale (liber\u0103)<\/p>\n\n\n\n<p>2. Nedemnitatea succesoral\u0103 (rezervat\u0103)<\/p>\n\n\n\n<p>3. Organizarea claselor de mo\u0219tenitori (liber\u0103)<\/p>\n\n\n\n<p>4. Rudenie \u0219i voca\u021bie \u00een mo\u0219tenirea legal\u0103 (liber\u0103)<\/p>\n\n\n\n<p>5. Situa\u021bia succesoral\u0103 a so\u021bului supravie\u021buitor (rezervat\u0103)<\/p>\n\n\n\n<p>6. So\u021bul&nbsp;supravie\u021buitor \u0219i descenden\u021bii, in succesiunea legal\u0103 \u0219i \u00een cea testamentar\u0103 (rezervat\u0103)<\/p>\n\n\n\n<p>7. \u00cemp\u0103r\u021birea pe linii \u0219i \u00eemp\u0103r\u021birea pe capete, \u00een mo\u0219tenirea legal\u0103 (liber\u0103)<\/p>\n\n\n\n<p>8. Reprezentarea succesoral\u0103 (rezervat\u0103)<\/p>\n\n\n\n<p>9. Liberalit\u0103\u021bile &#8211; no\u021biune \u0219i aspecte comune (liber\u0103)<\/p>\n\n\n\n<p>10. Substitu\u021biile \u00een materie de liberalit\u0103\u021bi (liber\u0103)<\/p>\n\n\n\n<p>11. Dona\u021bia &#8211; formarea contractului (liber\u0103)<\/p>\n\n\n\n<p>12. Efectele contractului de dona\u021bie (liber\u0103)<\/p>\n\n\n\n<p>13. Revocarea dona\u021biei (liber\u0103)<\/p>\n\n\n\n<p>14. Compara\u021bie \u00eentre revocarea dona\u021biei \u0219i revocarea testamentului (liber\u0103)<\/p>\n\n\n\n<p>15. Testamentul &#8211; no\u021biune \u0219i caractere (rezerevat\u0103)<\/p>\n\n\n\n<p>16. Influen\u021ba caracterului <em>mortis causa <\/em>al testamentului asupra regimului s\u0103u juridic (liber\u0103)<\/p>\n\n\n\n<p>17. Condi\u021biile de fond ale testamentului (rezervat\u0103)<\/p>\n\n\n\n<p>18. Dolul \u00een actele juridice civile &#8211; aplica\u021bie comparativ\u0103 cu dolul testamentar (liber\u0103)<\/p>\n\n\n\n<p>15. Capacitatea \u00een materie de succesiuni (liber\u0103)<\/p>\n\n\n\n<p>19. Comorien\u021b\u0103 sau codeces? Compara\u021bie \u00eentre regimul juridic dinainte \u0219i cel de dup\u0103 1.10.2011 (liber\u0103)<\/p>\n\n\n\n<p>20. Condi\u021biile de form\u0103 ale testamentului (liber\u0103)<\/p>\n\n\n\n<p>21. Diferite forme de testamente (studiu comparativ) (rezervat\u0103)<\/p>\n\n\n\n<p>22. Testamentul olograf (rezervat\u0103)<\/p>\n\n\n\n<p>23. Cum se poate reforma testamentul olograf? (liber\u0103)<\/p>\n\n\n\n<p>24. Testamentul autentic \u0219i testamentul mistic (liber\u0103)<\/p>\n\n\n\n<p>25. Ce este mai recomandabil: testamentul olograf sau cel autentic? (rezervat\u0103)<\/p>\n\n\n\n<p>26. Cuprinsul testamentului (liber\u0103)<\/p>\n\n\n\n<p>27. Clauzele testamentare nepatrimoniale (liber\u0103)<\/p>\n\n\n\n<p>28. Tipurile de legate (liber\u0103)<\/p>\n\n\n\n<p>29. Respectul datorat persoanei dup\u0103 decesul acesteia: donarea de organe (rezervat\u0103)<\/p>\n\n\n\n<p>30. Nulitatea \u0219i caducitatea legatelor (rezervat\u0103)<\/p>\n\n\n\n<p>31. Asem\u0103n\u0103ri \u0219i deosebiri \u00eentre dona\u021bii \u0219i legate (rezervat\u0103)<\/p>\n\n\n\n<p>32. Revocarea testamentului \u0219i revocarea legatului (liber\u0103)<\/p>\n\n\n\n<p>33. Rezerva succesoral\u0103 (rezervat\u0103)<\/p>\n\n\n\n<p>34. Dreptul de a dispune fa\u021b\u0103 de rezerva succesoral\u0103 (liber\u0103)<\/p>\n\n\n\n<p>35. Dezmo\u0219tenirea (rezervat\u0103)<\/p>\n\n\n\n<p>36. Nedemnitatea \u0219i dezmo\u0219tenirea &#8211; compara\u021bie (rezervat\u0103)<\/p>\n\n\n\n<p>37. Reduc\u021biunea liberalit\u0103\u021bilor (rezervat\u0103)<\/p>\n\n\n\n<p>38. Cum se reduce o liberalitate excesiv\u0103? (liber\u0103)<\/p>\n\n\n\n<p>39. Raportul succesoral (liber\u0103)<\/p>\n\n\n\n<p>40. Acceptarea mo\u0219tenirii (liber\u0103)<\/p>\n\n\n\n<p>41. Libertatea accept\u0103rii mo\u0219tenirii (liber\u0103)<\/p>\n\n\n\n<p>42. Renun\u021barea la mo\u0219tenire (liber\u0103)<\/p>\n\n\n\n<p>43. C\u00e2nd po\u021bi \u0219i c\u00e2nd nu po\u021bi s\u0103 renun\u021bi la mo\u0219tenire? Analiz\u0103 comparativ\u0103 (liber\u0103)<\/p>\n\n\n\n<p>44. Termenul de op\u021biune succesoral\u0103 (liber\u0103)<\/p>\n\n\n\n<p>45. Compara\u021bie \u00eentre termenul de op\u021biune succesoral\u0103 \u00een codul din 1864 \u0219i \u00een cel din 2011 (rezervat\u0103)<\/p>\n\n\n\n<p>46. Mo\u0219tenirea vacant\u0103 (liber\u0103)<\/p>\n\n\n\n<p>47. Partajul de ascendent (liber\u0103)<\/p>\n\n\n\n<p>48. Peti\u021bia de ereditate (liber\u0103)<\/p>\n\n\n\n<p>49. Succesiunile digitale \u00een dreptul succesoral rom\u00e2n: provoc\u0103ri juridice \u0219i solu\u021bii practice (rezervat\u0103)<\/p>\n\n\n\n<p><\/p>\n","protected":false},"excerpt":{"rendered":"<p>Teme posibile pentru Lucrarea de licen\u021b\u0103 Condi\u021bie pentru \u00eenscrierea la lucrare de licen\u021b\u0103 la Drept civil &#8211; Succesiuni \u0219i liberalit\u0103\u021bi: &#8211; angajamentul studentului de a preda o prim\u0103 form\u0103 integral finit\u0103 a lucr\u0103rii p\u00e2n\u0103 cel t\u00e2rziu la data de 1 martie a anului urm\u0103tor (\u00een care se sus\u021bine \u0219i licen\u021ba) Teme din care se poate [&hellip;]<\/p>\n","protected":false},"author":1,"featured_media":0,"parent":2142,"menu_order":6,"comment_status":"closed","ping_status":"closed","template":"","meta":{"_bbp_topic_count":0,"_bbp_reply_count":0,"_bbp_total_topic_count":0,"_bbp_total_reply_count":0,"_bbp_voice_count":0,"_bbp_anonymous_reply_count":0,"_bbp_topic_count_hidden":0,"_bbp_reply_count_hidden":0,"_bbp_forum_subforum_count":0,"footnotes":""},"class_list":["post-2946","page","type-page","status-publish","hentry"],"_links":{"self":[{"href":"https:\/\/dreptroman.ro\/index.php?rest_route=\/wp\/v2\/pages\/2946","targetHints":{"allow":["GET"]}}],"collection":[{"href":"https:\/\/dreptroman.ro\/index.php?rest_route=\/wp\/v2\/pages"}],"about":[{"href":"https:\/\/dreptroman.ro\/index.php?rest_route=\/wp\/v2\/types\/page"}],"author":[{"embeddable":true,"href":"https:\/\/dreptroman.ro\/index.php?rest_route=\/wp\/v2\/users\/1"}],"replies":[{"embeddable":true,"href":"https:\/\/dreptroman.ro\/index.php?rest_route=%2Fwp%2Fv2%2Fcomments&post=2946"}],"version-history":[{"count":199,"href":"https:\/\/dreptroman.ro\/index.php?rest_route=\/wp\/v2\/pages\/2946\/revisions"}],"predecessor-version":[{"id":4431,"href":"https:\/\/dreptroman.ro\/index.php?rest_route=\/wp\/v2\/pages\/2946\/revisions\/4431"}],"up":[{"embeddable":true,"href":"https:\/\/dreptroman.ro\/index.php?rest_route=\/wp\/v2\/pages\/2142"}],"wp:attachment":[{"href":"https:\/\/dreptroman.ro\/index.php?rest_route=%2Fwp%2Fv2%2Fmedia&parent=2946"}],"curies":[{"name":"wp","href":"https:\/\/api.w.org\/{rel}","templated":true}]}}