{"id":2814,"date":"2019-10-11T10:47:38","date_gmt":"2019-10-11T07:47:38","guid":{"rendered":"http:\/\/dreptroman.ro\/?page_id=2814"},"modified":"2020-05-07T23:04:09","modified_gmt":"2020-05-07T20:04:09","slug":"proiect-2019","status":"publish","type":"page","link":"https:\/\/dreptroman.ro\/?page_id=2814","title":{"rendered":"Proiect MC 2019"},"content":{"rendered":"\n<p>Grant CNCSIS de tip MC, participare la conferin\u0163\u0103 \u015ftiin\u0163ific\u0103 interna\u0163ional\u0103 \u2013 raportor na\u021bional la tema <em>Solidarit\u00e9 et famille<\/em>, \u00een cadrul Journ\u00e9es internationales de l&#8217;Association Henri Capitant des amis de la culture juridique fran\u00e7aise ( PN-III-P1-1.1-MC-2019-0444) <\/p>\n\n\n\n<p><strong>Rezultate<\/strong>: publicare raport \u00een volumul reuniunii (apari\u0163ie 2020)<\/p>\n","protected":false},"excerpt":{"rendered":"<p>Grant CNCSIS de tip MC, participare la conferin\u0163\u0103 \u015ftiin\u0163ific\u0103 interna\u0163ional\u0103 \u2013 raportor na\u021bional la tema Solidarit\u00e9 et famille, \u00een cadrul Journ\u00e9es internationales de l&#8217;Association Henri Capitant des amis de la culture juridique fran\u00e7aise ( PN-III-P1-1.1-MC-2019-0444) Rezultate: publicare raport \u00een volumul reuniunii (apari\u0163ie 2020)<\/p>\n","protected":false},"author":1,"featured_media":0,"parent":229,"menu_order":0,"comment_status":"closed","ping_status":"closed","template":"","meta":{"_bbp_topic_count":0,"_bbp_reply_count":0,"_bbp_total_topic_count":0,"_bbp_total_reply_count":0,"_bbp_voice_count":0,"_bbp_anonymous_reply_count":0,"_bbp_topic_count_hidden":0,"_bbp_reply_count_hidden":0,"_bbp_forum_subforum_count":0,"footnotes":""},"class_list":["post-2814","page","type-page","status-publish","hentry"],"_links":{"self":[{"href":"https:\/\/dreptroman.ro\/index.php?rest_route=\/wp\/v2\/pages\/2814","targetHints":{"allow":["GET"]}}],"collection":[{"href":"https:\/\/dreptroman.ro\/index.php?rest_route=\/wp\/v2\/pages"}],"about":[{"href":"https:\/\/dreptroman.ro\/index.php?rest_route=\/wp\/v2\/types\/page"}],"author":[{"embeddable":true,"href":"https:\/\/dreptroman.ro\/index.php?rest_route=\/wp\/v2\/users\/1"}],"replies":[{"embeddable":true,"href":"https:\/\/dreptroman.ro\/index.php?rest_route=%2Fwp%2Fv2%2Fcomments&post=2814"}],"version-history":[{"count":4,"href":"https:\/\/dreptroman.ro\/index.php?rest_route=\/wp\/v2\/pages\/2814\/revisions"}],"predecessor-version":[{"id":2840,"href":"https:\/\/dreptroman.ro\/index.php?rest_route=\/wp\/v2\/pages\/2814\/revisions\/2840"}],"up":[{"embeddable":true,"href":"https:\/\/dreptroman.ro\/index.php?rest_route=\/wp\/v2\/pages\/229"}],"wp:attachment":[{"href":"https:\/\/dreptroman.ro\/index.php?rest_route=%2Fwp%2Fv2%2Fmedia&parent=2814"}],"curies":[{"name":"wp","href":"https:\/\/api.w.org\/{rel}","templated":true}]}}