{"id":2201,"date":"2017-06-23T15:38:56","date_gmt":"2017-06-23T12:38:56","guid":{"rendered":"http:\/\/dreptroman.ro\/?page_id=2201"},"modified":"2026-04-17T09:22:45","modified_gmt":"2026-04-17T06:22:45","slug":"programare-seminare","status":"publish","type":"page","link":"https:\/\/dreptroman.ro\/?page_id=2201","title":{"rendered":"Programare seminare"},"content":{"rendered":"<p><strong>Seria I,\u00a0 anul III 2024\/2025<\/strong><\/p>\n<p>&#8211; grupele 305 \u0219i 306: prof.dr. Mircea-Dan Bob-Boc\u0219an<\/p>\n<p>&#8211; grupele 301-304 \u0219i 307-308: asist.dr. Cristina Pop<\/p>\n<p><strong>Tematica s\u0103pt\u0103m\u00e2nal\u0103 a seminarelor<\/strong>:<\/p>\n<ul>\n<li>24-27.III &#8211; <strong>Seminar introductiv: <\/strong>cu ce se ocup\u0103 acest domeniu al dreptului civil? cine poate mo\u0219teni? [art. 953-956 civ.] &#8211; <u>Manual, p. 17-41<\/u><\/li>\n<\/ul>\n<ul>\n<li>3-6.III &#8211; : <strong>Condi\u021biile generale ale dreptului de mo\u0219tenire<\/strong>: [art. 957-962 civ.] &#8211; <u>Manual, p. 41-54<\/u><\/li>\n<\/ul>\n<ul>\n<li>10-13.III &#8211; <strong>Succesiunea\u00a0<\/strong><em><strong>ab intestat<\/strong>\u00a0<\/em><strong>(I)<\/strong>: principiile devolu\u021biunii succesorale legale,\u00a0clasele de mo\u0219tenitori [art. 963-964 \u0219i 975-983] &#8211; <span style=\"text-decoration: underline;\">Manual, p. 55-63 \u0219i 83-95<\/span><\/li>\n<\/ul>\n<ul>\n<li>17-20.III &#8211; <strong>Succesiunea\u00a0<em>ab intestat <\/em>(II)<\/strong>: excep\u021bii de la principiile devolu\u021biunii succesorale legale &#8211; reprezentarea succesoral\u0103 [art. 965-969] \u0219i drepturile speciale ale so\u021bului supravie\u021buitor\u00a0 [973-974]; mo\u0219tenirea vacant\u0103 [art. 1.135-1.140 civ.] &#8211; <span style=\"text-decoration: underline;\">Manual, p. 63-83.<\/span><\/li>\n<\/ul>\n<ul>\n<li>24-27.III &#8211; <strong>Ce este \u0219i cum func\u021bioneaz\u0103 voin\u021ba liberal\u0103?<\/strong> Tipologie \u0219i aspecte comune testament-dona\u021bie [art. 984-992 civ.] &#8211; <span style=\"text-decoration: underline;\">Manual, p. 96-126<\/span>.<\/li>\n<\/ul>\n<ul>\n<li>31.III-2.IV &#8211; <b>Dona\u021bia\u00a0<\/b>[art. 1011-1033 civ.] &#8211; <span style=\"text-decoration: underline;\">Manual, p. 134-145<\/span><\/li>\n<\/ul>\n<ul>\n<li>6-9.IV &#8211; <strong>T<\/strong><b>estamentul &#8211; defini\u021bie \u0219i aspecte generale <\/b>[art. 1034-1039 civ.] &#8211;\u00a0<span style=\"text-decoration: underline;\">Manual, p. 145-148, 164-169<\/span>.<\/li>\n<\/ul>\n<ul>\n<li>20-23.IV &#8211; <b>Forma testamentului<\/b> [art. 1.040-1.050 \u0219i 1.010 civ.] &#8211; <span style=\"text-decoration: underline;\">Manual, p. 148-164<\/span>.<\/li>\n<\/ul>\n<ul>\n<li>27-30.IV &#8211;\u00a0 <strong>L<b>egatele<\/b><\/strong>: tipologia dispozi\u021biilor\u00a0<em>mortis causa<\/em> [art. 1.054-1.067 civ.] &#8211; <span style=\"text-decoration: underline;\">Manual, p. 169-181<\/span><\/li>\n<\/ul>\n<ul>\n<li>5.V-8.V &#8211; <b>Ineficacitatea voin\u021bei\u00a0<\/b><em style=\"font-weight: bold;\">mortis causa<\/em>: 1) ineficacitatea testamentului; 2) ineficacitatea legatului [art. 1051-1053 \u0219i 1.068-1.073 civ.] &#8211; <span style=\"text-decoration: underline;\">Manual, p. 185-200<\/span><\/li>\n<\/ul>\n<ul>\n<li>12-15.V &#8211; <strong>Limitarea libert\u0103\u021bii de dispozi\u021bie a lui\u00a0<em>decuius<\/em><\/strong>: rezerva succesoral\u0103 \u0219i dezmo\u0219tenirea [art. 1.086-1.090 \u0219i 1.074-1.076 civ.] &#8211; <span style=\"text-decoration: underline;\">Manual, p. 204-226 \u0219i 181-185.<\/span><\/li>\n<\/ul>\n<ul>\n<li>19-22.V &#8211; <strong>Rezerva, raportul \u0219i reduc\u021biunea vs. masa succesoral\u0103\u00a0<\/strong>[art. 1.091-1.099 civ.] &#8211; <span style=\"text-decoration: underline;\">Manual, p. 226-255.<\/span><\/li>\n<\/ul>\n<ul>\n<li>26-29.V &#8211; <strong>Op\u021biunea succesoral\u0103\u00a0<\/strong>[art. 1.110-1.124] &#8211; <span style=\"text-decoration: underline;\">Manual, p. 257-295.<\/span><\/li>\n<\/ul>\n<ul>\n<li>\u00a02-5.VI &#8211; <strong>Raportul succesoral\u00a0<\/strong>[art. 1146-1154] &#8211; <span style=\"text-decoration: underline;\">Manual, p. 304-321.<\/span><\/li>\n<\/ul>\n","protected":false},"excerpt":{"rendered":"<p>Seria I,\u00a0 anul III 2024\/2025 &#8211; grupele 305 \u0219i 306: prof.dr. Mircea-Dan Bob-Boc\u0219an &#8211; grupele 301-304 \u0219i 307-308: asist.dr. Cristina Pop Tematica s\u0103pt\u0103m\u00e2nal\u0103 a seminarelor: 24-27.III &#8211; Seminar introductiv: cu ce se ocup\u0103 acest domeniu al dreptului civil? cine poate mo\u0219teni? [art. 953-956 civ.] &#8211; Manual, p. 17-41 3-6.III &#8211; : Condi\u021biile generale ale dreptului [&hellip;]<\/p>\n","protected":false},"author":1,"featured_media":0,"parent":2142,"menu_order":2,"comment_status":"closed","ping_status":"closed","template":"","meta":{"_bbp_topic_count":0,"_bbp_reply_count":0,"_bbp_total_topic_count":0,"_bbp_total_reply_count":0,"_bbp_voice_count":0,"_bbp_anonymous_reply_count":0,"_bbp_topic_count_hidden":0,"_bbp_reply_count_hidden":0,"_bbp_forum_subforum_count":0,"footnotes":""},"class_list":["post-2201","page","type-page","status-publish","hentry"],"_links":{"self":[{"href":"https:\/\/dreptroman.ro\/index.php?rest_route=\/wp\/v2\/pages\/2201","targetHints":{"allow":["GET"]}}],"collection":[{"href":"https:\/\/dreptroman.ro\/index.php?rest_route=\/wp\/v2\/pages"}],"about":[{"href":"https:\/\/dreptroman.ro\/index.php?rest_route=\/wp\/v2\/types\/page"}],"author":[{"embeddable":true,"href":"https:\/\/dreptroman.ro\/index.php?rest_route=\/wp\/v2\/users\/1"}],"replies":[{"embeddable":true,"href":"https:\/\/dreptroman.ro\/index.php?rest_route=%2Fwp%2Fv2%2Fcomments&post=2201"}],"version-history":[{"count":76,"href":"https:\/\/dreptroman.ro\/index.php?rest_route=\/wp\/v2\/pages\/2201\/revisions"}],"predecessor-version":[{"id":4432,"href":"https:\/\/dreptroman.ro\/index.php?rest_route=\/wp\/v2\/pages\/2201\/revisions\/4432"}],"up":[{"embeddable":true,"href":"https:\/\/dreptroman.ro\/index.php?rest_route=\/wp\/v2\/pages\/2142"}],"wp:attachment":[{"href":"https:\/\/dreptroman.ro\/index.php?rest_route=%2Fwp%2Fv2%2Fmedia&parent=2201"}],"curies":[{"name":"wp","href":"https:\/\/api.w.org\/{rel}","templated":true}]}}