{"id":2198,"date":"2017-06-23T15:38:00","date_gmt":"2017-06-23T12:38:00","guid":{"rendered":"http:\/\/dreptroman.ro\/?page_id=2198"},"modified":"2026-02-23T08:23:58","modified_gmt":"2026-02-23T05:23:58","slug":"programare-cursuri","status":"publish","type":"page","link":"https:\/\/dreptroman.ro\/?page_id=2198","title":{"rendered":"Programare cursuri"},"content":{"rendered":"<p style=\"text-align: left;\"><strong>Seria 1 anul III 2025\/2026<\/strong><\/p>\n<h4>Aici g\u0103si\u021bi <strong>anun\u021burile referitoare la programarea \u0219i tematica s\u0103pt\u0103m\u00e2nal\u0103 a fiec\u0103rui curs<\/strong>. Este <span style=\"color: #ff0000;\"><strong>obligatorie<\/strong><\/span> consultarea \u00eenainte de fiecare curs a acestei pagini, pentru a fi la curent cu eventualele reprogram\u0103ri ale cursurilor \u0219i cu textele care vor fi luate \u00een discu\u021bie la fiecare curs.<\/h4>\n<p>Curs I (23.II, ora 12) &#8211; <strong>Identitatea dreptului succesoral<\/strong>: cu ce se ocup\u0103 acest domeniu al dreptului civil? cine poate mo\u0219teni? [art. 953-957 civ.]\u00a0 \u00a0 <a href=\"https:\/\/dreptroman.ro\/wp-content\/uploads\/2024\/02\/Spete-I.docx\" target=\"_blank\" rel=\"noopener\">Spete I<\/a><\/p>\n<p>Curs II (2.III, ora 12) \u00a0&#8211; <b>Mo\u0219tenirea legal\u0103<\/b><em>\u00a0<\/em><strong>(I)<\/strong>: 1) Nedemnitatea succesoral\u0103; 2)\u00a0 Principiile devolu\u021biunii succesorale legale si clasele de mo\u0219tenitori [art. 958-964 \u0219i 975-983 civ.]\u00a0 \u00a0 <a href=\"https:\/\/dreptroman.ro\/wp-content\/uploads\/2018\/03\/Spete-II.docx\">Spete-II<\/a><\/p>\n<p>Curs III (9.III, ora 12) &#8211; <b>Mo\u0219tenirea legal\u0103<\/b><strong><em>\u00a0<\/em>(II)<\/strong>: excep\u021biile de la principiile devolu\u021biunii succesorale legale &#8211; 1) Clasa a doua; 2) So\u021bul supravie\u021buitor [art. 965-969 \u0219i 970-974 civ.]\u00a0 \u00a0 <a href=\"https:\/\/dreptroman.ro\/wp-content\/uploads\/2018\/03\/Spete-III-1.pdf\" target=\"_blank\" rel=\"noopener noreferrer\">Spete III<\/a><\/p>\n<p>Curs IV (16.III, ora 12) &#8211; <b>Mo\u0219tenirea legal\u0103<\/b><strong><em>\u00a0<\/em>(III)<\/strong>: excep\u021biile de la principiile devolu\u021biunii succesorale legale &#8211; 3)\u00a0 Reprezentarea succesoral\u0103 [art. 965-969 civ.]. Mo\u0219tenirea vacant\u0103\u00a0 [art. 1.135-1.140 civ.]\u00a0 \u00a0 <a href=\"https:\/\/dreptroman.ro\/wp-content\/uploads\/2020\/03\/Spete-IV.docx\">Spete-IV<\/a><\/p>\n<p>Curs V (23.III, ora 12<em>)<\/em>\u00a0<strong>Ce este \u0219i cum func\u021bioneaz\u0103 voin\u021ba liberal\u0103? <\/strong>Tipologie \u0219i aspecte comune dona\u021bie-testament [art. 984-986, 989, 993-1010 civ.]. <strong>Defini\u021bia testamentului<\/strong>\u00a0[art. 1034-1035 civ.]. <strong>Substitu\u021biile: fideicomisar\u0103 \u0219i vulgar\u0103<\/strong>\u00a0[art. 993-1000 civ.]\u00a0 \u00a0<a href=\"https:\/\/dreptroman.ro\/wp-content\/uploads\/2018\/03\/Spete-V.docx\">Spete-V<\/a><\/p>\n<p>Curs VI (30.III ora 12) <strong>Liberalit\u0103\u021bile reziduale. Dubla liberalitate \u00een nud\u0103 proprietate \u0219i uzufruct.<\/strong>\u00a0Ce se \u00eent\u00e2mpl\u0103 c\u00e2nd nu exist\u0103 substitu\u021bie fideicomisar\u0103?<strong>\u00a0Revizuirea condi\u021biilor \u0219i sarcinilor. Dispozi\u021bii speciale<\/strong> [art. 1001- 1010 civ.]\u00a0<strong>Dona\u021bia.<\/strong> Specificitate contractual\u0103 \u0219i voin\u021b\u0103 liberal\u0103 [art. 1011-1033 civ.]<\/p>\n<p>Curs VII (6.IV ora 12) \u00a0&#8211; <strong>T<\/strong><b>estamentul &#8211; <\/b>aspecte generale [art. 1036-1039 civ.]\u00a0 \u00a0 \u00a0 \u00a0<a href=\"https:\/\/dreptroman.ro\/wp-content\/uploads\/2019\/03\/Spete-VI.docx\">Spete VI<\/a><\/p>\n<p>Curs VIII (20.IV ora 12) &#8211; <b>Forma testamentului<\/b> [art. 1.040-1.050 \u0219i 1.010 civ.]\u00a0 \u00a0 \u00a0 <a href=\"https:\/\/dreptroman.ro\/wp-content\/uploads\/2019\/03\/Spete-VII.docx\">Spete VII<\/a><\/p>\n<p>Curs IX (27.IV, ora 12) &#8211; <strong><b>Legatele<\/b><\/strong>: tipologia dispozi\u021biilor\u00a0<em>mortis causa<\/em> [art. 1.054-1.067 civ.]\u00a0 \u00a0 \u00a0<a href=\"https:\/\/dreptroman.ro\/wp-content\/uploads\/2018\/04\/Spete-IX.docx\">Spete-IX<\/a><\/p>\n<p>Curs X (4.V, ora 12) &#8211; <b>Ineficacitatea voin\u021bei\u00a0<\/b><em style=\"font-weight: bold;\">mortis causa<\/em>: 1) ineficacitatea testamentului; 2) ineficacitatea legatului [art. 1051-1053 \u0219i 1.068-1.073 civ.]\u00a0 \u00a0 <a href=\"https:\/\/dreptroman.ro\/wp-content\/uploads\/2018\/05\/Spete-X.docx\">Spete-X<\/a><\/p>\n<p>Curs XI (11.V, ora 12) &#8211; <strong>Limitarea libert\u0103\u021bii de dispozi\u021bie a lui\u00a0<em>decuius<\/em><\/strong>: rezerva succesoral\u0103 \u0219i dezmo\u0219tenirea [art. 1.086-1.090 \u0219i 1.074-1.076 civ.] \u00a0 \u00a0 <a href=\"https:\/\/dreptroman.ro\/wp-content\/uploads\/2025\/05\/Spete-XI.docx\" target=\"_blank\" rel=\"noopener noreferrer\">Spete-XI<\/a><\/p>\n<p>Curs XII (18.V, ora 12) &#8211; <strong>Rezerva, raportul \u0219i reduc\u021biunea vs. masa succesoral\u0103\u00a0<\/strong>[art. 1.091-1.099 civ.]\u00a0 \u00a0 <a href=\"https:\/\/dreptroman.ro\/wp-content\/uploads\/2024\/05\/Spete-XII.docx\" target=\"_blank\" rel=\"noopener\">Spete-XII<\/a><\/p>\n<p>Curs XIII (25.V, ora 12) &#8211; <strong>Op\u021biunea succesoral\u0103\u00a0<\/strong>[art. 1.110-1.124 civ.] \u00a0 \u00a0 <a href=\"https:\/\/dreptroman.ro\/wp-content\/uploads\/2023\/05\/Spete-XIII.docx\" target=\"_blank\" rel=\"noopener noreferrer\">Spete &#8211; XIII<\/a>\u00a0<\/p>\n<p>\u00a0Curs XIV (1.VI, ora 12 &#8211; zi liber\u0103 legal\u0103, se va recupera prin acord cu studen\u021bii) &#8211; <b>Raportul dona\u021biilor <\/b>[art. 1146-1154 civ.]<\/p>\n\n\n<p><\/p>\n","protected":false},"excerpt":{"rendered":"<p>Seria 1 anul III 2025\/2026 Aici g\u0103si\u021bi anun\u021burile referitoare la programarea \u0219i tematica s\u0103pt\u0103m\u00e2nal\u0103 a fiec\u0103rui curs. Este obligatorie consultarea \u00eenainte de fiecare curs a acestei pagini, pentru a fi la curent cu eventualele reprogram\u0103ri ale cursurilor \u0219i cu textele care vor fi luate \u00een discu\u021bie la fiecare curs. Curs I (23.II, ora 12) &#8211; [&hellip;]<\/p>\n","protected":false},"author":1,"featured_media":0,"parent":2142,"menu_order":1,"comment_status":"closed","ping_status":"closed","template":"","meta":{"_bbp_topic_count":0,"_bbp_reply_count":0,"_bbp_total_topic_count":0,"_bbp_total_reply_count":0,"_bbp_voice_count":0,"_bbp_anonymous_reply_count":0,"_bbp_topic_count_hidden":0,"_bbp_reply_count_hidden":0,"_bbp_forum_subforum_count":0,"footnotes":""},"class_list":["post-2198","page","type-page","status-publish","hentry"],"_links":{"self":[{"href":"https:\/\/dreptroman.ro\/index.php?rest_route=\/wp\/v2\/pages\/2198","targetHints":{"allow":["GET"]}}],"collection":[{"href":"https:\/\/dreptroman.ro\/index.php?rest_route=\/wp\/v2\/pages"}],"about":[{"href":"https:\/\/dreptroman.ro\/index.php?rest_route=\/wp\/v2\/types\/page"}],"author":[{"embeddable":true,"href":"https:\/\/dreptroman.ro\/index.php?rest_route=\/wp\/v2\/users\/1"}],"replies":[{"embeddable":true,"href":"https:\/\/dreptroman.ro\/index.php?rest_route=%2Fwp%2Fv2%2Fcomments&post=2198"}],"version-history":[{"count":159,"href":"https:\/\/dreptroman.ro\/index.php?rest_route=\/wp\/v2\/pages\/2198\/revisions"}],"predecessor-version":[{"id":4396,"href":"https:\/\/dreptroman.ro\/index.php?rest_route=\/wp\/v2\/pages\/2198\/revisions\/4396"}],"up":[{"embeddable":true,"href":"https:\/\/dreptroman.ro\/index.php?rest_route=\/wp\/v2\/pages\/2142"}],"wp:attachment":[{"href":"https:\/\/dreptroman.ro\/index.php?rest_route=%2Fwp%2Fv2%2Fmedia&parent=2198"}],"curies":[{"name":"wp","href":"https:\/\/api.w.org\/{rel}","templated":true}]}}