{"id":2195,"date":"2017-06-23T15:31:10","date_gmt":"2017-06-23T12:31:10","guid":{"rendered":"http:\/\/dreptroman.ro\/?page_id=2195"},"modified":"2026-02-22T20:47:34","modified_gmt":"2026-02-22T17:47:34","slug":"examen","status":"publish","type":"page","link":"https:\/\/dreptroman.ro\/?page_id=2195","title":{"rendered":"Examen"},"content":{"rendered":"\n<p><strong>Forma de examinare<\/strong>: examen scris, cu durata de 40 de minute &#8211; mini-spe\u021be cu 9 (\u0219apte) grile x 1 p\/gril\u0103. Fiecare gril\u0103 are trei variante de r\u0103spuns, cu posibilitate multipl\u0103 de alegere \u0219i \u00een sistemul totul sau nimic.<\/p>\n\n\n\n<p><strong>Nota final\u0103<\/strong> va fi compus\u0103 din: <\/p>\n\n\n\n<p>&#8211; 9 p., ob\u021binute la examenul scris din sesiune;<\/p>\n\n\n\n<p>&#8211; 1 pct. din oficiu.<\/p>\n\n\n\n<p>La nota final\u0103, se pot ad\u0103uga eventualele <strong>puncte ob\u021binute prin activitate la curs sau\/\u0219i seminar<\/strong>:<\/p>\n\n\n\n<p><strong>M\u0103ririle de note<\/strong>, in sesiunea de toamna, nu pot dep\u0103\u0219i punctajul maxim rezultat din: examen + puncte ob\u021binute pe parcurs.<\/p>\n\n\n\n<p><\/p>\n\n\n\n<p><strong>Barem examen &#8211; <\/strong>06.2026 &#8230;<\/p>\n\n\n\n<p>Lucr\u0103rile pot fi v\u0103zute \u00een data de &#8230;<\/p>\n\n\n\n<p><strong>Barem examen &#8211; <\/strong>06.2026 &#8230;<\/p>\n\n\n\n<p>Lucr\u0103rile pot fi v\u0103zute \u00een data de &#8230;<\/p>\n\n\n\n<p><strong>Barem examen &#8211; <\/strong>09.2026 &#8230;<\/p>\n\n\n\n<p>Lucr\u0103rile pot fi v\u0103zute \u00een data de &#8230;<\/p>\n\n\n\n<p><strong>Barem examen &#8211; <\/strong>09.2026 &#8230;<\/p>\n\n\n\n<p>Lucr\u0103rile pot fi v\u0103zute \u00een data de &#8230;<\/p>\n\n\n\n<p><\/p>\n","protected":false},"excerpt":{"rendered":"<p>Forma de examinare: examen scris, cu durata de 40 de minute &#8211; mini-spe\u021be cu 9 (\u0219apte) grile x 1 p\/gril\u0103. Fiecare gril\u0103 are trei variante de r\u0103spuns, cu posibilitate multipl\u0103 de alegere \u0219i \u00een sistemul totul sau nimic. Nota final\u0103 va fi compus\u0103 din: &#8211; 9 p., ob\u021binute la examenul scris din sesiune; &#8211; 1 [&hellip;]<\/p>\n","protected":false},"author":1,"featured_media":0,"parent":2142,"menu_order":4,"comment_status":"closed","ping_status":"closed","template":"","meta":{"_bbp_topic_count":0,"_bbp_reply_count":0,"_bbp_total_topic_count":0,"_bbp_total_reply_count":0,"_bbp_voice_count":0,"_bbp_anonymous_reply_count":0,"_bbp_topic_count_hidden":0,"_bbp_reply_count_hidden":0,"_bbp_forum_subforum_count":0,"footnotes":""},"class_list":["post-2195","page","type-page","status-publish","hentry"],"_links":{"self":[{"href":"https:\/\/dreptroman.ro\/index.php?rest_route=\/wp\/v2\/pages\/2195","targetHints":{"allow":["GET"]}}],"collection":[{"href":"https:\/\/dreptroman.ro\/index.php?rest_route=\/wp\/v2\/pages"}],"about":[{"href":"https:\/\/dreptroman.ro\/index.php?rest_route=\/wp\/v2\/types\/page"}],"author":[{"embeddable":true,"href":"https:\/\/dreptroman.ro\/index.php?rest_route=\/wp\/v2\/users\/1"}],"replies":[{"embeddable":true,"href":"https:\/\/dreptroman.ro\/index.php?rest_route=%2Fwp%2Fv2%2Fcomments&post=2195"}],"version-history":[{"count":129,"href":"https:\/\/dreptroman.ro\/index.php?rest_route=\/wp\/v2\/pages\/2195\/revisions"}],"predecessor-version":[{"id":4395,"href":"https:\/\/dreptroman.ro\/index.php?rest_route=\/wp\/v2\/pages\/2195\/revisions\/4395"}],"up":[{"embeddable":true,"href":"https:\/\/dreptroman.ro\/index.php?rest_route=\/wp\/v2\/pages\/2142"}],"wp:attachment":[{"href":"https:\/\/dreptroman.ro\/index.php?rest_route=%2Fwp%2Fv2%2Fmedia&parent=2195"}],"curies":[{"name":"wp","href":"https:\/\/api.w.org\/{rel}","templated":true}]}}