{"id":1908,"date":"2016-10-06T16:03:29","date_gmt":"2016-10-06T16:03:29","guid":{"rendered":"http:\/\/dreptroman.ro\/?page_id=1908"},"modified":"2023-11-26T08:28:38","modified_gmt":"2023-11-26T05:28:38","slug":"curs-ix-2","status":"publish","type":"page","link":"https:\/\/dreptroman.ro\/?page_id=1908","title":{"rendered":"Curs IX"},"content":{"rendered":"<p><span style=\"text-decoration: underline;\">Texte de lucru<\/span>:<\/p>\n<div><\/div>\n\n\n<p><strong>Paul, Dig. XLIV.7.3 pr.<\/strong><\/p>\n\n\n\n<p>&#8222;Esen\u021ba obliga\u021biilor nu const\u0103 \u00een a face ca un lucru s\u0103 fie al nostru, ci \u00een a constr\u00e2nge pe un altul s\u0103 ne dea ceva sau s\u0103 ne fac\u0103 ceva sau s\u0103 ne pun\u0103 la dispozi\u021bie ceva&#8221;.<\/p>\n\n\n\n<p><\/p>\n\n\n\n<p><strong>Inst. 3.XIII pr.<\/strong><\/p>\n\n\n\n<p>&#8222;Obliga\u021bia este o leg\u0103tur\u0103 juridic\u0103 \u00een temeiul c\u0103reia suntem constr\u00e2n\u0219i \u00een mod necesar sa facem o presta\u021bie oarecare \u00een conformitate cu prescrip\u021biile cet\u0103\u021bii noastre&#8221;.<\/p>\n\n\n\n<p><\/p>\n\n\n\n<p><strong>Codul civil 2009<\/strong><\/p>\n\n\n\n<p>Art. 1164 &#8211; <strong>Con\u0163inutul raportului obliga\u0163ional.<\/strong>&nbsp;Obliga\u0163ia este o leg\u0103tur\u0103 de drept \u00een virtutea c\u0103reia debitorul este \u0163inut s\u0103 procure o presta\u0163ie creditorului, iar acesta are dreptul s\u0103 ob\u0163in\u0103 presta\u0163ia datorat\u0103.<\/p>\n\n\n\n<p><strong>Gaius IV.4<\/strong><\/p>\n\n\n\n<p>&#8222;&#8230; \u201ene este dat\u201d \u00eenseamn\u0103 c\u0103 ceea ce este dat devine al nostru&#8221;.<\/p>\n\n\n\n<p><strong>Paul,&nbsp;Dig. 50.17.167 pr.<\/strong><\/p>\n\n\n\n<p>Un lucru nu este dat dac\u0103, la momentul la care este dat, nu devine al celui care \u00eel prime\u015fte.<\/p>\n\n\n\n<p><strong>Paul,&nbsp;Dig. 45.1.2 pr.<\/strong><\/p>\n\n\n\n<p>&#8222;Anumite stipula\u0163ii consist\u0103 \u00een a da, altele \u00een a face&#8221;.<\/p>\n\n\n\n<p><strong>Paul,&nbsp;Dig. 45.1.91 pr.<\/strong><\/p>\n\n\n\n<p>&#8222;C\u0103ci cel care a promis de a da este \u0163inut a da, nu de a face&#8221;.<\/p>\n\n\n\n<p><strong>Papinian,&nbsp;Dig. 50.16.218<\/strong><\/p>\n\n\n\n<p>&#8222;&#8230;no\u0163iunea de a face se refer\u0103 la tot ce presupune o activitate precum cea de a da,&nbsp; executa, a pl\u0103ti, a judeca sau a se plimba&#8221;.<\/p>\n\n\n\n<p><strong>Celsus,&nbsp;Dig. 44.7.51<\/strong><\/p>\n\n\n\n<p>&#8222;Ac\u0163iunea nu este altceva dec\u00e2t mijlocul de a urm\u0103ri \u00een justi\u0163ie ceea ce ni se datoreaz\u0103&#8221;.<\/p>\n\n\n\n<p><strong>Gaius, IV.2<\/strong><\/p>\n\n\n\n<p><em>&#8222;Actio in personam<\/em> este aceea prin care ne judec\u0103m cu cineva care ne este obligat fie de pe urma unui contract, fie de pe urma unui delict, cu alte cuvinte c\u00e2nd pretindem &lt;c\u0103 trebuie s\u0103 dea, s\u0103 fac\u0103, s\u0103 r\u0103spund\u0103&gt;&#8221;.<\/p>\n\n\n\n<p><strong>Gaius III.88<\/strong><\/p>\n\n\n\n<p>&#8222;S\u0103 trecem acum la obliga\u021bii. Cea mai cuprinz\u0103toare diviziune a acestora le reduce la dou\u0103&nbsp;grupuri; \u00een adev\u0103r,orice obliga\u021bie deriv\u0103 p\u00e2n\u0103 la urm\u0103 fie din contract fie din delict&#8221;.<\/p>\n\n\n\n<p><strong>Gaius, Dig. XLIV.7.1 pr.<\/strong><\/p>\n\n\n\n<p>&#8222;Obliga\u021biile se nasc fie dintr-un contract fie dintr-un delict, fie \u00eentr-un mod impropriu, din diferite alte cauze&#8221;.<\/p>\n\n\n\n<p><strong>Inst. 3.XIII.2<\/strong><\/p>\n\n\n\n<p>\u201eO alt\u0103 \u00eemp\u0103r\u0163ire a obliga\u0163iilor este cvadripartit\u0103: ele se nasc fie din contract, fie din delict, fie din cvasi-contract, fie din cvasi-delict\u201d.<\/p>\n\n\n\n<p><strong>Codul civil 1864<\/strong><\/p>\n\n\n\n<p>Art. 942 &#8211;&nbsp;&nbsp;Contractul este acordul \u00eentre dou\u0103 sau mai multe persoane spre a constitui sau a stinge \u00eentre d\u00e2n\u0219ii un raport juridic.<\/p>\n\n\n\n<p>Art. 986 &#8211;&nbsp;Cvasi-contractul este un fapt licit \u015fi voluntar, din care se na\u0219te o obliga\u021bie c\u0103tre o alt\u0103&nbsp; persoan\u0103 sau obliga\u021bii reciproce \u00eentre p\u0103r\u021bi.<\/p>\n\n\n\n<p><strong>Codul civil 2011<\/strong><\/p>\n\n\n\n<p>CARTEA a V-a&nbsp;Despre obliga\u0163ii<\/p>\n\n\n\n<p>TITLUL I&nbsp;Dispozi\u0163ii generale<\/p>\n\n\n\n<p>ART. 1164 &#8211;&nbsp;<strong>Con\u0163inutul raportului obliga\u0163ional<\/strong>.&nbsp;Obliga\u0163ia este o leg\u0103tur\u0103 de drept \u00een virtutea c\u0103reia debitorul este \u0163inut s\u0103 procure o presta\u0163ie creditorului, iar acesta are dreptul s\u0103 ob\u0163in\u0103 presta\u0163ia datorat\u0103.\nART. 1165 &#8211;&nbsp;<strong>Izvoarele obliga\u0163iilor<\/strong>.&nbsp;Obliga\u0163iile izvor\u0103sc din contract, act unilateral, gestiunea de afaceri, \u00eembog\u0103\u0163irea f\u0103r\u0103 just\u0103 cauz\u0103, plata nedatorat\u0103, fapta ilicit\u0103, precum \u015fi din orice alt act sau fapt de care legea leag\u0103 na\u015fterea unei obliga\u0163ii.<\/p>\n\n\n\n<p>TITLUL II&nbsp;Izvoarele obliga\u0163iilor<\/p>\n\n\n\n<p>CAPITOLUL I&nbsp;Contractul<\/p>\n\n\n\n<p>SEC\u0162IUNEA 1&nbsp;Dispozi\u0163ii generale<\/p>\n\n\n\n<p>ART. 1166 &#8211;&nbsp;<strong>No\u0163iune.&nbsp;<\/strong>Contractul este acordul de voin\u0163e dintre dou\u0103 sau mai multe persoane cu inten\u0163ia de a constitui, modifica sau stinge un raport juridic.<\/p>\n","protected":false},"excerpt":{"rendered":"<p>Texte de lucru: Paul, Dig. XLIV.7.3 pr. &#8222;Esen\u021ba obliga\u021biilor nu const\u0103 \u00een a face ca un lucru s\u0103 fie al nostru, ci \u00een a constr\u00e2nge pe un altul s\u0103 ne dea ceva sau s\u0103 ne fac\u0103 ceva sau s\u0103 ne pun\u0103 la dispozi\u021bie ceva&#8221;. Inst. 3.XIII pr. &#8222;Obliga\u021bia este o leg\u0103tur\u0103 juridic\u0103 \u00een temeiul c\u0103reia [&hellip;]<\/p>\n","protected":false},"author":1,"featured_media":0,"parent":609,"menu_order":9,"comment_status":"closed","ping_status":"closed","template":"","meta":{"_bbp_topic_count":0,"_bbp_reply_count":0,"_bbp_total_topic_count":0,"_bbp_total_reply_count":0,"_bbp_voice_count":0,"_bbp_anonymous_reply_count":0,"_bbp_topic_count_hidden":0,"_bbp_reply_count_hidden":0,"_bbp_forum_subforum_count":0,"footnotes":""},"class_list":["post-1908","page","type-page","status-publish","hentry"],"_links":{"self":[{"href":"https:\/\/dreptroman.ro\/index.php?rest_route=\/wp\/v2\/pages\/1908","targetHints":{"allow":["GET"]}}],"collection":[{"href":"https:\/\/dreptroman.ro\/index.php?rest_route=\/wp\/v2\/pages"}],"about":[{"href":"https:\/\/dreptroman.ro\/index.php?rest_route=\/wp\/v2\/types\/page"}],"author":[{"embeddable":true,"href":"https:\/\/dreptroman.ro\/index.php?rest_route=\/wp\/v2\/users\/1"}],"replies":[{"embeddable":true,"href":"https:\/\/dreptroman.ro\/index.php?rest_route=%2Fwp%2Fv2%2Fcomments&post=1908"}],"version-history":[{"count":8,"href":"https:\/\/dreptroman.ro\/index.php?rest_route=\/wp\/v2\/pages\/1908\/revisions"}],"predecessor-version":[{"id":3884,"href":"https:\/\/dreptroman.ro\/index.php?rest_route=\/wp\/v2\/pages\/1908\/revisions\/3884"}],"up":[{"embeddable":true,"href":"https:\/\/dreptroman.ro\/index.php?rest_route=\/wp\/v2\/pages\/609"}],"wp:attachment":[{"href":"https:\/\/dreptroman.ro\/index.php?rest_route=%2Fwp%2Fv2%2Fmedia&parent=1908"}],"curies":[{"name":"wp","href":"https:\/\/api.w.org\/{rel}","templated":true}]}}