{"id":1899,"date":"2016-10-06T15:59:51","date_gmt":"2016-10-06T15:59:51","guid":{"rendered":"http:\/\/dreptroman.ro\/?page_id=1899"},"modified":"2024-11-17T18:55:26","modified_gmt":"2024-11-17T15:55:26","slug":"curs-vii","status":"publish","type":"page","link":"https:\/\/dreptroman.ro\/?page_id=1899","title":{"rendered":"Curs VII"},"content":{"rendered":"<p><span style=\"text-decoration: underline;\">Texte de lucru<\/span>:<\/p>\n\n\n<p><strong>Inst. 1.3.1<\/strong><\/p>\n\n\n\n<p>Iar libertatea, \u00een temeiul c\u0103reia (oamenii) se numesc liberi, este capacitatea fireasc\u0103 a omului de a face ce vrea, numai dac\u0103 nu este oprit prin for\u021b\u0103 sau de lege.<\/p>\n\n\n\n<p><strong>Gaius, Inst. I.52-53&nbsp;<\/strong><\/p>\n\n\n\n<p>\u201eSclavii se g\u0103sesc sub puterea st\u0103p\u00e2nilor. Puterea aceasta este \u00eentr-adev\u0103r de dreptul gin\u021bilor, c\u0103ci la toate popoarele \u00een general putem observa c\u0103 st\u0103p\u00e2nii au asupra sclavilor o putere de via\u021b\u0103 \u015fi de moarte \u015fi c\u0103 tot ce se dob\u00e2nde\u015fte prin sclavi revine st\u0103p\u00e2nului.<\/p>\n\n\n\n<p>Ast\u0103zi \u00eens\u0103 niciunui cet\u0103\u021bean roman [&#8230;] nu-i este permis s\u0103 trateze cu cruzime \u015fi f\u0103r\u0103 motiv pe sclavii s\u0103i. [&#8230;] Dar chiar \u015fi asprimea excesiv\u0103 a st\u0103p\u00e2nilor este reprimat\u0103 prin constitu\u021bia aceluia\u015fi \u00eemp\u0103rat Antoninus; fiind consultat de unii guvernatori ai provinciilor \u00een leg\u0103tur\u0103 cu sclavii care \u00ee\u015fi g\u0103sesc refugiu \u00een templele zeilor sau un azil la statuia \u00eemp\u0103ra\u021bilor, acesta a prescris c\u0103, dac\u0103 cruzimea st\u0103p\u00e2nilor se va dovedi excesiv\u0103, aceia s\u0103 fie constr\u00e2n\u015fi a-\u0219i vinde sclavii.<\/p>\n\n\n\n<p>\u015ei bine s-a procedat [&#8230;] fiindc\u0103 exist\u0103 o regul\u0103, anume c\u0103 noi nu trebuie s\u0103 ne folosim abuziv de dreptul nostru [..]\u201d.<\/p>\n\n\n\n<p><strong>art. 3 Decr.nr. 31\/1954<\/strong><\/p>\n\n\n\n<p>Drepturile civile sunt ocrotite de lege. Ele pot fi exercitate numai potrivit cu scopul lor economic si social.<\/p>\n\n\n\n<p><strong>art. 15 c.civ.&nbsp;Abuzul de drept<\/strong><\/p>\n\n\n\n<p>Niciun drept nu poate fi exercitat \u00een scopul de a v\u0103t\u0103ma sau p\u0103gubi pe altul ori \u00eentr-un mod excesiv \u015fi nerezonabil, contrar bunei-credin\u0163e.<\/p>\n\n\n\n<p><strong>Ulpian, Dig. 1.6.2<\/strong><\/p>\n\n\n\n<p>\u201ePuterea st\u0103p\u00e2nilor asupra sclavilor lor \u00een mod sigur nu trebuie s\u0103 \u00eencalce \u015fi nu trebuie s\u0103 existe nici o derogare de la drepturile legale ale niciunui om. Dar este \u00een interesul st\u0103p\u00e2nilor ca celor ce se pl\u00e2ng s\u0103 nu li se refuze alinarea \u00eempotriva brutalit\u0103\u0163ii \u015fi \u00eenfomet\u0103rii sau a v\u0103t\u0103m\u0103rilor intolerabile. Drept urmare, examineaz\u0103 litigiul celor care au p\u0103r\u0103sit c\u0103minul lui Iulius Sabinus pentru a se refugia la statuie \u015fi dac\u0103 se va dovedi c\u0103 au fost trata\u0163i mai aspru dec\u00e2t este echitabil sau au fost supu\u015fi la v\u0103t\u0103m\u0103ri infame, atunci ordon\u0103 s\u0103 fie v\u00e2ndu\u0163i sub condi\u0163ia de a nu se re\u00eentoarce \u00een puterea st\u0103p\u00e2nului lor actual.\u201d<\/p>\n\n\n\n<p><strong>Marcian, Dig. 48.9.5<\/strong><\/p>\n\n\n\n<p>\u201eSe spune c\u0103 atunci c\u00e2nd cineva \u015fi-a ucis \u00een timpul unei v\u00e2n\u0103tori fiul care comisese adulter cu mama vitreg\u0103, Hadrian cel trecut \u00eentre zei l-a exilat pe o insul\u0103, [pentru c\u0103 a ac\u0163ionat] mai degrab\u0103 [ca] un t\u00e2lhar ucig\u00e2nd dec\u00e2t unul ce-\u015fi exercit\u0103 dreptul de tat\u0103; c\u0103ci puterea patern\u0103 se \u00eentemeiaz\u0103 pe compasiune, nu pe cruzime\u201d.<\/p>\n","protected":false},"excerpt":{"rendered":"<p>Texte de lucru: Inst. 1.3.1 Iar libertatea, \u00een temeiul c\u0103reia (oamenii) se numesc liberi, este capacitatea fireasc\u0103 a omului de a face ce vrea, numai dac\u0103 nu este oprit prin for\u021b\u0103 sau de lege. Gaius, Inst. I.52-53&nbsp; \u201eSclavii se g\u0103sesc sub puterea st\u0103p\u00e2nilor. Puterea aceasta este \u00eentr-adev\u0103r de dreptul gin\u021bilor, c\u0103ci la toate popoarele \u00een [&hellip;]<\/p>\n","protected":false},"author":1,"featured_media":0,"parent":609,"menu_order":7,"comment_status":"closed","ping_status":"closed","template":"","meta":{"_bbp_topic_count":0,"_bbp_reply_count":0,"_bbp_total_topic_count":0,"_bbp_total_reply_count":0,"_bbp_voice_count":0,"_bbp_anonymous_reply_count":0,"_bbp_topic_count_hidden":0,"_bbp_reply_count_hidden":0,"_bbp_forum_subforum_count":0,"footnotes":""},"class_list":["post-1899","page","type-page","status-publish","hentry"],"_links":{"self":[{"href":"https:\/\/dreptroman.ro\/index.php?rest_route=\/wp\/v2\/pages\/1899","targetHints":{"allow":["GET"]}}],"collection":[{"href":"https:\/\/dreptroman.ro\/index.php?rest_route=\/wp\/v2\/pages"}],"about":[{"href":"https:\/\/dreptroman.ro\/index.php?rest_route=\/wp\/v2\/types\/page"}],"author":[{"embeddable":true,"href":"https:\/\/dreptroman.ro\/index.php?rest_route=\/wp\/v2\/users\/1"}],"replies":[{"embeddable":true,"href":"https:\/\/dreptroman.ro\/index.php?rest_route=%2Fwp%2Fv2%2Fcomments&post=1899"}],"version-history":[{"count":13,"href":"https:\/\/dreptroman.ro\/index.php?rest_route=\/wp\/v2\/pages\/1899\/revisions"}],"predecessor-version":[{"id":4116,"href":"https:\/\/dreptroman.ro\/index.php?rest_route=\/wp\/v2\/pages\/1899\/revisions\/4116"}],"up":[{"embeddable":true,"href":"https:\/\/dreptroman.ro\/index.php?rest_route=\/wp\/v2\/pages\/609"}],"wp:attachment":[{"href":"https:\/\/dreptroman.ro\/index.php?rest_route=%2Fwp%2Fv2%2Fmedia&parent=1899"}],"curies":[{"name":"wp","href":"https:\/\/api.w.org\/{rel}","templated":true}]}}