{"id":1858,"date":"2016-10-06T14:49:34","date_gmt":"2016-10-06T14:49:34","guid":{"rendered":"http:\/\/dreptroman.ro\/?page_id=1858"},"modified":"2023-12-10T15:20:08","modified_gmt":"2023-12-10T12:20:08","slug":"curs-ii-2","status":"publish","type":"page","link":"https:\/\/dreptroman.ro\/?page_id=1858","title":{"rendered":"Curs II"},"content":{"rendered":"\n<p><\/p>\n\n\n\n<p><span style=\"text-decoration: underline;\">Texte de lucru<\/span><\/p>\n\n\n\n<p><strong>Gaius I.1-4 \u0219i 6<\/strong><\/p>\n\n\n\n<p>1. Toate popoarele care se conduc dup\u0103 legi sau cutume (obiceiuri) se folosesc, \u00een parte de dreptul lor propriu, \u00een parte, de un drept care le este comun cu to\u0163i ceilal\u0163i oameni, c\u0103ci dreptul pe care fiecare popor \u015fi l-a r\u00e2nduit lui \u00eensu\u015fi, \u00eei este propriu \u015fi se nume\u015fte drept civil (<em>ius civile<\/em>), deoarece este un drept specific (respectivei) cet\u0103\u0163i; dimpotriv\u0103, ceea ce firea lucrurilor (<em>naturalis ratio<\/em>) a r\u00e2nduit pentru to\u0163i oamenii este p\u0103strat, deopotriv\u0103, de toate popoarele \u015fi se nume\u015fte dreptul gin\u0163ilor (<em>ius gentium<\/em>), deoarece toate popoarele (<em>gentes<\/em>) se folosesc de el. Poporul roman deci se folose\u015fte, \u00een parte, de dreptul s\u0103u propriu, \u00een parte, de un drept care este comun tuturor oamenilor<\/p>\n\n\n\n<p>2. Drepturile poporului roman decurg din legi, plebiscite, senatus-consulte, constitu\u021biile \u00eemp\u0103ra\u021bilor, edictele celor care au dreptul s\u0103 dea edicte, r\u0103spunsurile pruden\u021bilor.<\/p>\n\n\n\n<p>3. Legea este ceea ce hot\u0103r\u0103\u015fte \u015fi adopt\u0103 poporul. Plebiscitul este ceea ce hot\u0103r\u0103\u015fte \u015fi adopt\u0103 plebea. [&#8230;] De aici vine c\u0103 patricienii au \u015fi spus c\u00e2ndva c\u0103 ei nu sunt obliga\u021bi pin plebiscite, pe motivul c\u0103 acestea au fost f\u0103cute f\u0103r\u0103 \u00eencuviin\u021barea lor. Mai t\u00e2rziu a fost \u00eens\u0103 adus\u0103 legea Hortensia, prin care s-a stabilit ca plebiscitele s\u0103 oblige \u00eentregul popor; a\u015fa c\u0103, pe aceast\u0103 cale, plebiscitele au fost echivalate cu legile.<\/p>\n\n\n\n<p>4. Senatus-consultul este ceea ce impune \u015fi dispune Senatul; \u015fi aceasta are putere de lege, de\u015fi chestiunea a fost controversat\u0103.<\/p>\n\n\n\n<p>6. Dreptul de a da edicte \u00eel au magistra\u021bii poporului roman. Dar cel mai important drept este acela cuprins \u00een edictele celor doi pretori, urban \u015fi peregrin, pe a c\u0103ror jurisdic\u021bie, \u00een provincii, o au guvernatorii acestora [&#8230;].<\/p>\n\n\n\n<p><br><\/p>\n\n\n\n<p><strong>Gaius IV.11<\/strong><\/p>\n\n\n\n<p>Ac\u021biunile de care s-au folosit vechii juri\u015fti se numeau ac\u021biunile legii, fie pentru motivul c\u0103 fuseser\u0103 aduse prin legi (c\u0103ci pe atunci edictele pretorului prin care au fost introduse cele mai multe ac\u021biuni, \u00eenc\u0103 nu intraser\u0103 \u00een uz) fie c\u0103 erau potrivite dup\u0103 \u00een\u015fi\u015fi termenii legilor, \u015fi pentru aceasta erau imuabile, ca \u015fi legile. De aici vine, se spune, c\u0103 unul care chemase \u00een judecat\u0103 pentru c\u0103 i-ar fi fost t\u0103iate ni\u015fte vi\u021be, iar \u00een ac\u021biunea intentat\u0103 le numise vi\u021be, a pierdut procesul, fiindc\u0103 trebuia s\u0103 le numeasc\u0103 arbori, a\u015fa cum prevedea Legea celor XII Table, care nu vorbea despre t\u0103ierea vi\u021bei, ci despre t\u0103ierea arborilor, \u00een general.<\/p>\n\n\n\n<p><strong>L. XII Tab. 3.1-3<\/strong><\/p>\n\n\n\n<p>Pentru cei care \u0219i-au recunoscut datoria \u0219i pentru cauzele judecate potrivit cu legea, se d\u0103 un r\u0103gaz de treizecid de zile. S\u0103 se procedeze apoi la&nbsp;<em>manus iniectio<\/em>.<\/p>\n\n\n\n<p><\/p>\n","protected":false},"excerpt":{"rendered":"<p>Texte de lucru Gaius I.1-4 \u0219i 6 1. Toate popoarele care se conduc dup\u0103 legi sau cutume (obiceiuri) se folosesc, \u00een parte de dreptul lor propriu, \u00een parte, de un drept care le este comun cu to\u0163i ceilal\u0163i oameni, c\u0103ci dreptul pe care fiecare popor \u015fi l-a r\u00e2nduit lui \u00eensu\u015fi, \u00eei este propriu \u015fi se [&hellip;]<\/p>\n","protected":false},"author":1,"featured_media":0,"parent":609,"menu_order":2,"comment_status":"closed","ping_status":"closed","template":"","meta":{"_bbp_topic_count":0,"_bbp_reply_count":0,"_bbp_total_topic_count":0,"_bbp_total_reply_count":0,"_bbp_voice_count":0,"_bbp_anonymous_reply_count":0,"_bbp_topic_count_hidden":0,"_bbp_reply_count_hidden":0,"_bbp_forum_subforum_count":0,"footnotes":""},"class_list":["post-1858","page","type-page","status-publish","hentry"],"_links":{"self":[{"href":"https:\/\/dreptroman.ro\/index.php?rest_route=\/wp\/v2\/pages\/1858","targetHints":{"allow":["GET"]}}],"collection":[{"href":"https:\/\/dreptroman.ro\/index.php?rest_route=\/wp\/v2\/pages"}],"about":[{"href":"https:\/\/dreptroman.ro\/index.php?rest_route=\/wp\/v2\/types\/page"}],"author":[{"embeddable":true,"href":"https:\/\/dreptroman.ro\/index.php?rest_route=\/wp\/v2\/users\/1"}],"replies":[{"embeddable":true,"href":"https:\/\/dreptroman.ro\/index.php?rest_route=%2Fwp%2Fv2%2Fcomments&post=1858"}],"version-history":[{"count":27,"href":"https:\/\/dreptroman.ro\/index.php?rest_route=\/wp\/v2\/pages\/1858\/revisions"}],"predecessor-version":[{"id":3906,"href":"https:\/\/dreptroman.ro\/index.php?rest_route=\/wp\/v2\/pages\/1858\/revisions\/3906"}],"up":[{"embeddable":true,"href":"https:\/\/dreptroman.ro\/index.php?rest_route=\/wp\/v2\/pages\/609"}],"wp:attachment":[{"href":"https:\/\/dreptroman.ro\/index.php?rest_route=%2Fwp%2Fv2%2Fmedia&parent=1858"}],"curies":[{"name":"wp","href":"https:\/\/api.w.org\/{rel}","templated":true}]}}