{"id":1414,"date":"2014-09-10T09:07:47","date_gmt":"2014-09-10T09:07:47","guid":{"rendered":"http:\/\/dreptroman.ro\/?page_id=1414"},"modified":"2025-10-12T20:18:01","modified_gmt":"2025-10-12T17:18:01","slug":"1414-2","status":"publish","type":"page","link":"https:\/\/dreptroman.ro\/?page_id=1414","title":{"rendered":"Studii doctorale &#8211; Succesiuni \u0219i liberalit\u0103\u021bi"},"content":{"rendered":"<p><strong>2014<\/strong><\/p>\n<p>&#8211; Drago\u0219 ISACHE, <em>Lichidarea voluntar\u0103 a succesiunii\u00a0<\/em>&#8211; sus\u021binere public\u0103: 19 februarie 2021<\/p>\n<p><strong>2015<\/strong><\/p>\n<p>&#8211; Ioana OLARU,\u00a0<em>Rezerva succesoral\u0103\u00a0<\/em>&#8211; <em>\u00eentre tradi\u021bie \u0219i modernitate\u00a0<\/em>&#8211; sus\u021binere public\u0103: 10 mai 2019<\/p>\n<p>&#8211; Raluca Elena CIUBOTARU, R<em>evocarea legatelor<\/em><\/p>\n<p><strong>2016<\/strong><\/p>\n<p>&#8211; Alina CIORTEA,\u00a0<em>Uzufructul &#8211; modalitate de exprimare a drepturilor succesorale ale so\u021bului supravie\u021buitor<\/em> &#8211; sus\u021binere public\u0103: 9 octombrie 2020<\/p>\n<p><strong>2017<\/strong><\/p>\n<p><strong>&#8211;\u00a0<\/strong>Corina BODEA,\u00a0<em>Forma testamentului &#8211; <\/em>sus\u021binere public\u0103: 9 iulie 2021<\/p>\n<p><strong>2018<\/strong><\/p>\n<p>&#8211; Anthony MURPHY, N<i>edemnitatea\u00a0succesoral<em>\u0103\u00a0\u0219<\/em>i dezmo<em>\u015f<\/em>tenirea &#8211;\u00a0<\/i>sus\u021binere public\u0103: 18 iunie 2021<\/p>\n<p><strong>2022<\/strong><\/p>\n<p>&#8211; Tamas Peter, <em>Privire comparativ\u0103 asupra situa\u021biei succesorale a so\u021bului supravie\u021buitor in Romania si Ungaria<\/em><\/p>\n<\/p>\n\n\n<p><strong>2023<\/strong><\/p>\n\n\n\n<p>&#8211; Rebeca Georgiana Matia\u0219, <em>Practica testamentar\u0103 ca reflec\u021bie a vie\u021bii familiale \u2013 studiu comparativ<\/em><\/p>\n\n\n\n<p><strong>2025<\/strong><\/p>\n\n\n\n<p>&#8211; Emanuel Giurgiuman, <em>Raportului dintre religie \u0219i drept, \u00een materie de proprietate<\/em><\/p>\n\n\n\n<p>&#8211; Teodora Ioana Boac\u0219\u0103, <em>Acceptarea \u0219i renun\u021barea la mo\u0219tenire: implica\u021bii juridice \u0219i fiscale \u00een dreptul contemporan<\/em><\/p>\n\n\n\n<p>&#8211; Andreea Pintea, <em>Asocia\u021biile \u0219i funda\u021biile: perspectiv\u0103 civil\u0103, economic\u0103 \u0219i comparativ\u0103<\/em><\/p>\n","protected":false},"excerpt":{"rendered":"<p>2014 &#8211; Drago\u0219 ISACHE, Lichidarea voluntar\u0103 a succesiunii\u00a0&#8211; sus\u021binere public\u0103: 19 februarie 2021 2015 &#8211; Ioana OLARU,\u00a0Rezerva succesoral\u0103\u00a0&#8211; \u00eentre tradi\u021bie \u0219i modernitate\u00a0&#8211; sus\u021binere public\u0103: 10 mai 2019 &#8211; Raluca Elena CIUBOTARU, Revocarea legatelor 2016 &#8211; Alina CIORTEA,\u00a0Uzufructul &#8211; modalitate de exprimare a drepturilor succesorale ale so\u021bului supravie\u021buitor &#8211; sus\u021binere public\u0103: 9 octombrie 2020 2017 &#8211;\u00a0Corina [&hellip;]<\/p>\n","protected":false},"author":1,"featured_media":0,"parent":541,"menu_order":5,"comment_status":"open","ping_status":"open","template":"","meta":{"_bbp_topic_count":0,"_bbp_reply_count":0,"_bbp_total_topic_count":0,"_bbp_total_reply_count":0,"_bbp_voice_count":0,"_bbp_anonymous_reply_count":0,"_bbp_topic_count_hidden":0,"_bbp_reply_count_hidden":0,"_bbp_forum_subforum_count":0,"footnotes":""},"class_list":["post-1414","page","type-page","status-publish","hentry"],"_links":{"self":[{"href":"https:\/\/dreptroman.ro\/index.php?rest_route=\/wp\/v2\/pages\/1414","targetHints":{"allow":["GET"]}}],"collection":[{"href":"https:\/\/dreptroman.ro\/index.php?rest_route=\/wp\/v2\/pages"}],"about":[{"href":"https:\/\/dreptroman.ro\/index.php?rest_route=\/wp\/v2\/types\/page"}],"author":[{"embeddable":true,"href":"https:\/\/dreptroman.ro\/index.php?rest_route=\/wp\/v2\/users\/1"}],"replies":[{"embeddable":true,"href":"https:\/\/dreptroman.ro\/index.php?rest_route=%2Fwp%2Fv2%2Fcomments&post=1414"}],"version-history":[{"count":46,"href":"https:\/\/dreptroman.ro\/index.php?rest_route=\/wp\/v2\/pages\/1414\/revisions"}],"predecessor-version":[{"id":4309,"href":"https:\/\/dreptroman.ro\/index.php?rest_route=\/wp\/v2\/pages\/1414\/revisions\/4309"}],"up":[{"embeddable":true,"href":"https:\/\/dreptroman.ro\/index.php?rest_route=\/wp\/v2\/pages\/541"}],"wp:attachment":[{"href":"https:\/\/dreptroman.ro\/index.php?rest_route=%2Fwp%2Fv2%2Fmedia&parent=1414"}],"curies":[{"name":"wp","href":"https:\/\/api.w.org\/{rel}","templated":true}]}}